{"id":1074,"date":"2023-07-07T18:57:13","date_gmt":"2023-07-07T18:57:13","guid":{"rendered":"https:\/\/instoremanager.com\/nuzjewelry\/?post_type=product&#038;p=1074"},"modified":"2023-07-08T12:40:58","modified_gmt":"2023-07-08T12:40:58","slug":"smiley-zapestnica-prozorno-zlata","status":"publish","type":"product","link":"https:\/\/nuzjewelry.com\/en\/product\/smiley-zapestnica-prozorno-zlata\/","title":{"rendered":"Smiley zapestnica (prozorno zlata)"},"content":{"rendered":"<p>Ta \u010dudovita zapestnica je oblikovana tako, da spodbuja veselje in pozitivno razpolo\u017eenje. Ko jo nosite, boste opazili, kako se nasmeh pojavlja na va\u0161em obrazu in kako se pozitivna energija \u0161iri v va\u0161i bli\u017eini. Zapestnica Smiley je odli\u010den na\u010din, da se spomnite, da si vzamete trenutek za nasmeh in si polep\u0161ate dan. Na\u0161a spletna trgovina vam ponuja razli\u010dne razli\u010dice zapestnice Smiley, tako da lahko izberete tisto, ki najbolj ustreza va\u0161emu slogu in osebnosti. Na voljo so razli\u010dne barve,\u00a0 tako da bo zapestnica popolnoma prilagojena va\u0161im \u017eeljam. Poleg tega, da je zapestnica Smiley odli\u010den modni dodatek, je tudi idealno darilo za va\u0161e najdra\u017eje. S tem izvirnim in simpati\u010dnim darilom lahko svojim prijateljem, dru\u017einskim \u010dlanom ali kolegom prinese\u0161 veselje in jim poka\u017ee\u0161, da ti je mar za njihovo sre\u010do. Prinesite si veselje, nasmeh in pozitivno energijo v svoje \u017eivljenje ter se razveselite ob pogledu na svojo zapestnico, ki vam bo vsak dan pri\u010darala nasmeh na obrazu!<\/p>","protected":false},"excerpt":{"rendered":"<p>Ta \u010dudovita zapestnica je oblikovana tako, da spodbuja veselje in pozitivno razpolo\u017eenje. Ko jo nosite, boste opazili, kako se nasmeh pojavlja na va\u0161em obrazu in kako se pozitivna energija \u0161iri<\/p>","protected":false},"featured_media":1075,"comment_status":"open","ping_status":"closed","template":"","meta":[],"product_cat":[15,34],"product_tag":[],"class_list":["post-1074","product","type-product","status-publish","has-post-thumbnail","hentry","product_cat-nekategorizirano","product_cat-zapestnice"],"yoast_head":"<!-- This site is optimized with the Yoast SEO plugin v20.11 - https:\/\/yoast.com\/wordpress\/plugins\/seo\/ -->\n<title>Smiley zapestnica (prozorno zlata) - NUZ Jewerly<\/title>\n<meta name=\"description\" content=\"Zapestnica Smiley je odli\u010den na\u010din, da se spomnite, da si vzamete trenutek za nasmeh in si polep\u0161ate dan.\" \/>\n<meta name=\"robots\" content=\"index, follow, max-snippet:-1, max-image-preview:large, max-video-preview:-1\" \/>\n<link rel=\"canonical\" href=\"https:\/\/nuzjewelry.com\/en\/product\/smiley-zapestnica-prozorno-zlata\/\" \/>\n<meta property=\"og:locale\" content=\"en_US\" \/>\n<meta property=\"og:type\" content=\"article\" \/>\n<meta property=\"og:title\" content=\"Smiley zapestnica (prozorno zlata) - NUZ Jewerly\" \/>\n<meta property=\"og:description\" content=\"Zapestnica Smiley je odli\u010den na\u010din, da se spomnite, da si vzamete trenutek za nasmeh in si polep\u0161ate dan.\" \/>\n<meta property=\"og:url\" content=\"https:\/\/nuzjewelry.com\/en\/product\/smiley-zapestnica-prozorno-zlata\/\" \/>\n<meta property=\"og:site_name\" content=\"NUZ Jewerly\" \/>\n<meta property=\"article:modified_time\" content=\"2023-07-08T12:40:58+00:00\" \/>\n<meta property=\"og:image\" content=\"https:\/\/i0.wp.com\/nuzjewelry.com\/wp-content\/uploads\/2023\/07\/zl1.jpeg?fit=530%2C707&ssl=1\" \/>\n\t<meta property=\"og:image:width\" content=\"530\" \/>\n\t<meta property=\"og:image:height\" content=\"707\" \/>\n\t<meta property=\"og:image:type\" content=\"image\/jpeg\" \/>\n<meta name=\"twitter:card\" content=\"summary_large_image\" \/>\n<meta name=\"twitter:label1\" content=\"Est. reading time\" \/>\n\t<meta name=\"twitter:data1\" content=\"1 minute\" \/>\n<script type=\"application\/ld+json\" class=\"yoast-schema-graph\">{\"@context\":\"https:\/\/schema.org\",\"@graph\":[{\"@type\":\"WebPage\",\"@id\":\"https:\/\/nuzjewelry.com\/izdelek\/smiley-zapestnica-prozorno-zlata\/\",\"url\":\"https:\/\/nuzjewelry.com\/izdelek\/smiley-zapestnica-prozorno-zlata\/\",\"name\":\"Smiley zapestnica (prozorno zlata) - NUZ Jewerly\",\"isPartOf\":{\"@id\":\"https:\/\/nuzjewelry.com\/#website\"},\"datePublished\":\"2023-07-07T18:57:13+00:00\",\"dateModified\":\"2023-07-08T12:40:58+00:00\",\"description\":\"Zapestnica Smiley je odli\u010den na\u010din, da se spomnite, da si vzamete trenutek za nasmeh in si polep\u0161ate dan.\",\"breadcrumb\":{\"@id\":\"https:\/\/nuzjewelry.com\/izdelek\/smiley-zapestnica-prozorno-zlata\/#breadcrumb\"},\"inLanguage\":\"en-US\",\"potentialAction\":[{\"@type\":\"ReadAction\",\"target\":[\"https:\/\/nuzjewelry.com\/izdelek\/smiley-zapestnica-prozorno-zlata\/\"]}]},{\"@type\":\"BreadcrumbList\",\"@id\":\"https:\/\/nuzjewelry.com\/izdelek\/smiley-zapestnica-prozorno-zlata\/#breadcrumb\",\"itemListElement\":[{\"@type\":\"ListItem\",\"position\":1,\"name\":\"Home\",\"item\":\"https:\/\/nuzjewelry.com\/\"},{\"@type\":\"ListItem\",\"position\":2,\"name\":\"Shop\",\"item\":\"https:\/\/nuzjewelry.com\/shop\/\"},{\"@type\":\"ListItem\",\"position\":3,\"name\":\"Smiley zapestnica (prozorno zlata)\"}]},{\"@type\":\"WebSite\",\"@id\":\"https:\/\/nuzjewelry.com\/#website\",\"url\":\"https:\/\/nuzjewelry.com\/\",\"name\":\"NUZ Jewerly\",\"description\":\"Trgovina z zapestnicami in uhan\u010dki\",\"publisher\":{\"@id\":\"https:\/\/nuzjewelry.com\/#organization\"},\"potentialAction\":[{\"@type\":\"SearchAction\",\"target\":{\"@type\":\"EntryPoint\",\"urlTemplate\":\"https:\/\/nuzjewelry.com\/?s={search_term_string}\"},\"query-input\":\"required name=search_term_string\"}],\"inLanguage\":\"en-US\"},{\"@type\":\"Organization\",\"@id\":\"https:\/\/nuzjewelry.com\/#organization\",\"name\":\"NUZ Jewerly\",\"url\":\"https:\/\/nuzjewelry.com\/\",\"logo\":{\"@type\":\"ImageObject\",\"inLanguage\":\"en-US\",\"@id\":\"https:\/\/nuzjewelry.com\/#\/schema\/logo\/image\/\",\"url\":\"https:\/\/i0.wp.com\/nuzjewelry.com\/wp-content\/uploads\/2023\/07\/logoIOS.png?fit=500%2C500&ssl=1\",\"contentUrl\":\"https:\/\/i0.wp.com\/nuzjewelry.com\/wp-content\/uploads\/2023\/07\/logoIOS.png?fit=500%2C500&ssl=1\",\"width\":500,\"height\":500,\"caption\":\"NUZ Jewerly\"},\"image\":{\"@id\":\"https:\/\/nuzjewelry.com\/#\/schema\/logo\/image\/\"}}]}<\/script>\n<!-- \/ Yoast SEO plugin. -->","yoast_head_json":{"title":"Smiley zapestnica (prozorno zlata) - NUZ Jewerly","description":"Zapestnica Smiley je odli\u010den na\u010din, da se spomnite, da si vzamete trenutek za nasmeh in si polep\u0161ate dan.","robots":{"index":"index","follow":"follow","max-snippet":"max-snippet:-1","max-image-preview":"max-image-preview:large","max-video-preview":"max-video-preview:-1"},"canonical":"https:\/\/nuzjewelry.com\/en\/product\/smiley-zapestnica-prozorno-zlata\/","og_locale":"en_US","og_type":"article","og_title":"Smiley zapestnica (prozorno zlata) - NUZ Jewerly","og_description":"Zapestnica Smiley je odli\u010den na\u010din, da se spomnite, da si vzamete trenutek za nasmeh in si polep\u0161ate dan.","og_url":"https:\/\/nuzjewelry.com\/en\/product\/smiley-zapestnica-prozorno-zlata\/","og_site_name":"NUZ Jewerly","article_modified_time":"2023-07-08T12:40:58+00:00","og_image":[{"width":530,"height":707,"url":"https:\/\/i0.wp.com\/nuzjewelry.com\/wp-content\/uploads\/2023\/07\/zl1.jpeg?fit=530%2C707&ssl=1","type":"image\/jpeg"}],"twitter_card":"summary_large_image","twitter_misc":{"Est. reading time":"1 minute"},"schema":{"@context":"https:\/\/schema.org","@graph":[{"@type":"WebPage","@id":"https:\/\/nuzjewelry.com\/izdelek\/smiley-zapestnica-prozorno-zlata\/","url":"https:\/\/nuzjewelry.com\/izdelek\/smiley-zapestnica-prozorno-zlata\/","name":"Smiley zapestnica (prozorno zlata) - NUZ Jewerly","isPartOf":{"@id":"https:\/\/nuzjewelry.com\/#website"},"datePublished":"2023-07-07T18:57:13+00:00","dateModified":"2023-07-08T12:40:58+00:00","description":"Zapestnica Smiley je odli\u010den na\u010din, da se spomnite, da si vzamete trenutek za nasmeh in si polep\u0161ate dan.","breadcrumb":{"@id":"https:\/\/nuzjewelry.com\/izdelek\/smiley-zapestnica-prozorno-zlata\/#breadcrumb"},"inLanguage":"en-US","potentialAction":[{"@type":"ReadAction","target":["https:\/\/nuzjewelry.com\/izdelek\/smiley-zapestnica-prozorno-zlata\/"]}]},{"@type":"BreadcrumbList","@id":"https:\/\/nuzjewelry.com\/izdelek\/smiley-zapestnica-prozorno-zlata\/#breadcrumb","itemListElement":[{"@type":"ListItem","position":1,"name":"Home","item":"https:\/\/nuzjewelry.com\/"},{"@type":"ListItem","position":2,"name":"Shop","item":"https:\/\/nuzjewelry.com\/shop\/"},{"@type":"ListItem","position":3,"name":"Smiley zapestnica (prozorno zlata)"}]},{"@type":"WebSite","@id":"https:\/\/nuzjewelry.com\/#website","url":"https:\/\/nuzjewelry.com\/","name":"NUZ Jewerly","description":"Trgovina z zapestnicami in uhan\u010dki","publisher":{"@id":"https:\/\/nuzjewelry.com\/#organization"},"potentialAction":[{"@type":"SearchAction","target":{"@type":"EntryPoint","urlTemplate":"https:\/\/nuzjewelry.com\/?s={search_term_string}"},"query-input":"required name=search_term_string"}],"inLanguage":"en-US"},{"@type":"Organization","@id":"https:\/\/nuzjewelry.com\/#organization","name":"NUZ Jewerly","url":"https:\/\/nuzjewelry.com\/","logo":{"@type":"ImageObject","inLanguage":"en-US","@id":"https:\/\/nuzjewelry.com\/#\/schema\/logo\/image\/","url":"https:\/\/i0.wp.com\/nuzjewelry.com\/wp-content\/uploads\/2023\/07\/logoIOS.png?fit=500%2C500&ssl=1","contentUrl":"https:\/\/i0.wp.com\/nuzjewelry.com\/wp-content\/uploads\/2023\/07\/logoIOS.png?fit=500%2C500&ssl=1","width":500,"height":500,"caption":"NUZ Jewerly"},"image":{"@id":"https:\/\/nuzjewelry.com\/#\/schema\/logo\/image\/"}}]}},"_links":{"self":[{"href":"https:\/\/nuzjewelry.com\/en\/wp-json\/wp\/v2\/product\/1074","targetHints":{"allow":["GET"]}}],"collection":[{"href":"https:\/\/nuzjewelry.com\/en\/wp-json\/wp\/v2\/product"}],"about":[{"href":"https:\/\/nuzjewelry.com\/en\/wp-json\/wp\/v2\/types\/product"}],"replies":[{"embeddable":true,"href":"https:\/\/nuzjewelry.com\/en\/wp-json\/wp\/v2\/comments?post=1074"}],"version-history":[{"count":1,"href":"https:\/\/nuzjewelry.com\/en\/wp-json\/wp\/v2\/product\/1074\/revisions"}],"predecessor-version":[{"id":1078,"href":"https:\/\/nuzjewelry.com\/en\/wp-json\/wp\/v2\/product\/1074\/revisions\/1078"}],"wp:featuredmedia":[{"embeddable":true,"href":"https:\/\/nuzjewelry.com\/en\/wp-json\/wp\/v2\/media\/1075"}],"wp:attachment":[{"href":"https:\/\/nuzjewelry.com\/en\/wp-json\/wp\/v2\/media?parent=1074"}],"wp:term":[{"taxonomy":"product_cat","embeddable":true,"href":"https:\/\/nuzjewelry.com\/en\/wp-json\/wp\/v2\/product_cat?post=1074"},{"taxonomy":"product_tag","embeddable":true,"href":"https:\/\/nuzjewelry.com\/en\/wp-json\/wp\/v2\/product_tag?post=1074"}],"curies":[{"name":"wp","href":"https:\/\/api.w.org\/{rel}","templated":true}]}}