{"id":1084,"date":"2023-07-07T19:57:24","date_gmt":"2023-07-07T19:57:24","guid":{"rendered":"https:\/\/instoremanager.com\/nuzjewelry\/?post_type=product&#038;p=1084"},"modified":"2023-07-08T12:40:43","modified_gmt":"2023-07-08T12:40:43","slug":"klasicna-zapestnica-temno-roza","status":"publish","type":"product","link":"https:\/\/nuzjewelry.com\/en\/product\/klasicna-zapestnica-temno-roza\/","title":{"rendered":"Klasi\u010dna zapestnica (temno roza)"},"content":{"rendered":"<p>Klasi\u010dne zapestnice, ki jih najdete pri nas, so odsev preproste lepote in iz\u017earevajo \u010dar klasi\u010dnega sloga. Na\u0161a kolekcija klasi\u010dnih zapestnic je skrbno izbrana, da bi zadovoljila okuse najzahtevnej\u0161ih strank. Ne glede na to, ali i\u0161\u010dete zapestnico za vsakodnevno no\u0161enje ali posebno prilo\u017enost, pri nas boste na\u0161li pravi kos za vas. Klasi\u010dne zapestnice se odlikujejo po svoji enostavnosti, eleganci in \u010distih linijah, ki jih je mogo\u010de kombinirati z vsakim stilom obla\u010denja. Ta prefinjen nakit bo vedno v trendu in vas spremljal skozi \u017eivljenje. Izrazite svoj osebni slog, poudarite svojo eleganco in naredite vtis z na\u0161imi izjemnimi klasi\u010dnimi zapestnicami.<\/p>","protected":false},"excerpt":{"rendered":"<p>Klasi\u010dne zapestnice, ki jih najdete pri nas, so odsev preproste lepote in iz\u017earevajo \u010dar klasi\u010dnega sloga. Na\u0161a kolekcija klasi\u010dnih zapestnic je skrbno izbrana, da bi zadovoljila okuse najzahtevnej\u0161ih strank. Ne<\/p>","protected":false},"featured_media":1085,"comment_status":"open","ping_status":"closed","template":"","meta":[],"product_cat":[15,34],"product_tag":[],"class_list":["post-1084","product","type-product","status-publish","has-post-thumbnail","hentry","product_cat-nekategorizirano","product_cat-zapestnice"],"yoast_head":"<!-- This site is optimized with the Yoast SEO plugin v20.11 - https:\/\/yoast.com\/wordpress\/plugins\/seo\/ -->\n<title>Klasi\u010dna zapestnica (temno roza) - NUZ Jewerly<\/title>\n<meta name=\"description\" content=\"Klasi\u010dne zapestnice, ki jih najdete pri nas, so odsev preproste lepote in iz\u017earevajo \u010dar klasi\u010dnega sloga.\" \/>\n<meta name=\"robots\" content=\"index, follow, max-snippet:-1, max-image-preview:large, max-video-preview:-1\" \/>\n<link rel=\"canonical\" href=\"https:\/\/nuzjewelry.com\/en\/product\/klasicna-zapestnica-temno-roza\/\" \/>\n<meta property=\"og:locale\" content=\"en_US\" \/>\n<meta property=\"og:type\" content=\"article\" \/>\n<meta property=\"og:title\" content=\"Klasi\u010dna zapestnica (temno roza) - NUZ Jewerly\" \/>\n<meta property=\"og:description\" content=\"Klasi\u010dne zapestnice, ki jih najdete pri nas, so odsev preproste lepote in iz\u017earevajo \u010dar klasi\u010dnega sloga.\" \/>\n<meta property=\"og:url\" content=\"https:\/\/nuzjewelry.com\/en\/product\/klasicna-zapestnica-temno-roza\/\" \/>\n<meta property=\"og:site_name\" content=\"NUZ Jewerly\" \/>\n<meta property=\"article:modified_time\" content=\"2023-07-08T12:40:43+00:00\" \/>\n<meta property=\"og:image\" content=\"https:\/\/i0.wp.com\/nuzjewelry.com\/wp-content\/uploads\/2023\/07\/rozx1.jpeg?fit=530%2C707&ssl=1\" \/>\n\t<meta property=\"og:image:width\" content=\"530\" \/>\n\t<meta property=\"og:image:height\" content=\"707\" \/>\n\t<meta property=\"og:image:type\" content=\"image\/jpeg\" \/>\n<meta name=\"twitter:card\" content=\"summary_large_image\" \/>\n<meta name=\"twitter:label1\" content=\"Est. reading time\" \/>\n\t<meta name=\"twitter:data1\" content=\"1 minute\" \/>\n<script type=\"application\/ld+json\" class=\"yoast-schema-graph\">{\"@context\":\"https:\/\/schema.org\",\"@graph\":[{\"@type\":\"WebPage\",\"@id\":\"https:\/\/nuzjewelry.com\/izdelek\/klasicna-zapestnica-temno-roza\/\",\"url\":\"https:\/\/nuzjewelry.com\/izdelek\/klasicna-zapestnica-temno-roza\/\",\"name\":\"Klasi\u010dna zapestnica (temno roza) - NUZ Jewerly\",\"isPartOf\":{\"@id\":\"https:\/\/nuzjewelry.com\/#website\"},\"datePublished\":\"2023-07-07T19:57:24+00:00\",\"dateModified\":\"2023-07-08T12:40:43+00:00\",\"description\":\"Klasi\u010dne zapestnice, ki jih najdete pri nas, so odsev preproste lepote in iz\u017earevajo \u010dar klasi\u010dnega sloga.\",\"breadcrumb\":{\"@id\":\"https:\/\/nuzjewelry.com\/izdelek\/klasicna-zapestnica-temno-roza\/#breadcrumb\"},\"inLanguage\":\"en-US\",\"potentialAction\":[{\"@type\":\"ReadAction\",\"target\":[\"https:\/\/nuzjewelry.com\/izdelek\/klasicna-zapestnica-temno-roza\/\"]}]},{\"@type\":\"BreadcrumbList\",\"@id\":\"https:\/\/nuzjewelry.com\/izdelek\/klasicna-zapestnica-temno-roza\/#breadcrumb\",\"itemListElement\":[{\"@type\":\"ListItem\",\"position\":1,\"name\":\"Home\",\"item\":\"https:\/\/nuzjewelry.com\/\"},{\"@type\":\"ListItem\",\"position\":2,\"name\":\"Shop\",\"item\":\"https:\/\/nuzjewelry.com\/shop\/\"},{\"@type\":\"ListItem\",\"position\":3,\"name\":\"Klasi\u010dna zapestnica (temno roza)\"}]},{\"@type\":\"WebSite\",\"@id\":\"https:\/\/nuzjewelry.com\/#website\",\"url\":\"https:\/\/nuzjewelry.com\/\",\"name\":\"NUZ Jewerly\",\"description\":\"Trgovina z zapestnicami in uhan\u010dki\",\"publisher\":{\"@id\":\"https:\/\/nuzjewelry.com\/#organization\"},\"potentialAction\":[{\"@type\":\"SearchAction\",\"target\":{\"@type\":\"EntryPoint\",\"urlTemplate\":\"https:\/\/nuzjewelry.com\/?s={search_term_string}\"},\"query-input\":\"required name=search_term_string\"}],\"inLanguage\":\"en-US\"},{\"@type\":\"Organization\",\"@id\":\"https:\/\/nuzjewelry.com\/#organization\",\"name\":\"NUZ Jewerly\",\"url\":\"https:\/\/nuzjewelry.com\/\",\"logo\":{\"@type\":\"ImageObject\",\"inLanguage\":\"en-US\",\"@id\":\"https:\/\/nuzjewelry.com\/#\/schema\/logo\/image\/\",\"url\":\"https:\/\/i0.wp.com\/nuzjewelry.com\/wp-content\/uploads\/2023\/07\/logoIOS.png?fit=500%2C500&ssl=1\",\"contentUrl\":\"https:\/\/i0.wp.com\/nuzjewelry.com\/wp-content\/uploads\/2023\/07\/logoIOS.png?fit=500%2C500&ssl=1\",\"width\":500,\"height\":500,\"caption\":\"NUZ Jewerly\"},\"image\":{\"@id\":\"https:\/\/nuzjewelry.com\/#\/schema\/logo\/image\/\"}}]}<\/script>\n<!-- \/ Yoast SEO plugin. -->","yoast_head_json":{"title":"Klasi\u010dna zapestnica (temno roza) - NUZ Jewerly","description":"Klasi\u010dne zapestnice, ki jih najdete pri nas, so odsev preproste lepote in iz\u017earevajo \u010dar klasi\u010dnega sloga.","robots":{"index":"index","follow":"follow","max-snippet":"max-snippet:-1","max-image-preview":"max-image-preview:large","max-video-preview":"max-video-preview:-1"},"canonical":"https:\/\/nuzjewelry.com\/en\/product\/klasicna-zapestnica-temno-roza\/","og_locale":"en_US","og_type":"article","og_title":"Klasi\u010dna zapestnica (temno roza) - NUZ Jewerly","og_description":"Klasi\u010dne zapestnice, ki jih najdete pri nas, so odsev preproste lepote in iz\u017earevajo \u010dar klasi\u010dnega sloga.","og_url":"https:\/\/nuzjewelry.com\/en\/product\/klasicna-zapestnica-temno-roza\/","og_site_name":"NUZ Jewerly","article_modified_time":"2023-07-08T12:40:43+00:00","og_image":[{"width":530,"height":707,"url":"https:\/\/i0.wp.com\/nuzjewelry.com\/wp-content\/uploads\/2023\/07\/rozx1.jpeg?fit=530%2C707&ssl=1","type":"image\/jpeg"}],"twitter_card":"summary_large_image","twitter_misc":{"Est. reading time":"1 minute"},"schema":{"@context":"https:\/\/schema.org","@graph":[{"@type":"WebPage","@id":"https:\/\/nuzjewelry.com\/izdelek\/klasicna-zapestnica-temno-roza\/","url":"https:\/\/nuzjewelry.com\/izdelek\/klasicna-zapestnica-temno-roza\/","name":"Klasi\u010dna zapestnica (temno roza) - NUZ Jewerly","isPartOf":{"@id":"https:\/\/nuzjewelry.com\/#website"},"datePublished":"2023-07-07T19:57:24+00:00","dateModified":"2023-07-08T12:40:43+00:00","description":"Klasi\u010dne zapestnice, ki jih najdete pri nas, so odsev preproste lepote in iz\u017earevajo \u010dar klasi\u010dnega sloga.","breadcrumb":{"@id":"https:\/\/nuzjewelry.com\/izdelek\/klasicna-zapestnica-temno-roza\/#breadcrumb"},"inLanguage":"en-US","potentialAction":[{"@type":"ReadAction","target":["https:\/\/nuzjewelry.com\/izdelek\/klasicna-zapestnica-temno-roza\/"]}]},{"@type":"BreadcrumbList","@id":"https:\/\/nuzjewelry.com\/izdelek\/klasicna-zapestnica-temno-roza\/#breadcrumb","itemListElement":[{"@type":"ListItem","position":1,"name":"Home","item":"https:\/\/nuzjewelry.com\/"},{"@type":"ListItem","position":2,"name":"Shop","item":"https:\/\/nuzjewelry.com\/shop\/"},{"@type":"ListItem","position":3,"name":"Klasi\u010dna zapestnica (temno roza)"}]},{"@type":"WebSite","@id":"https:\/\/nuzjewelry.com\/#website","url":"https:\/\/nuzjewelry.com\/","name":"NUZ Jewerly","description":"Trgovina z zapestnicami in uhan\u010dki","publisher":{"@id":"https:\/\/nuzjewelry.com\/#organization"},"potentialAction":[{"@type":"SearchAction","target":{"@type":"EntryPoint","urlTemplate":"https:\/\/nuzjewelry.com\/?s={search_term_string}"},"query-input":"required name=search_term_string"}],"inLanguage":"en-US"},{"@type":"Organization","@id":"https:\/\/nuzjewelry.com\/#organization","name":"NUZ Jewerly","url":"https:\/\/nuzjewelry.com\/","logo":{"@type":"ImageObject","inLanguage":"en-US","@id":"https:\/\/nuzjewelry.com\/#\/schema\/logo\/image\/","url":"https:\/\/i0.wp.com\/nuzjewelry.com\/wp-content\/uploads\/2023\/07\/logoIOS.png?fit=500%2C500&ssl=1","contentUrl":"https:\/\/i0.wp.com\/nuzjewelry.com\/wp-content\/uploads\/2023\/07\/logoIOS.png?fit=500%2C500&ssl=1","width":500,"height":500,"caption":"NUZ Jewerly"},"image":{"@id":"https:\/\/nuzjewelry.com\/#\/schema\/logo\/image\/"}}]}},"_links":{"self":[{"href":"https:\/\/nuzjewelry.com\/en\/wp-json\/wp\/v2\/product\/1084","targetHints":{"allow":["GET"]}}],"collection":[{"href":"https:\/\/nuzjewelry.com\/en\/wp-json\/wp\/v2\/product"}],"about":[{"href":"https:\/\/nuzjewelry.com\/en\/wp-json\/wp\/v2\/types\/product"}],"replies":[{"embeddable":true,"href":"https:\/\/nuzjewelry.com\/en\/wp-json\/wp\/v2\/comments?post=1084"}],"version-history":[{"count":1,"href":"https:\/\/nuzjewelry.com\/en\/wp-json\/wp\/v2\/product\/1084\/revisions"}],"predecessor-version":[{"id":1088,"href":"https:\/\/nuzjewelry.com\/en\/wp-json\/wp\/v2\/product\/1084\/revisions\/1088"}],"wp:featuredmedia":[{"embeddable":true,"href":"https:\/\/nuzjewelry.com\/en\/wp-json\/wp\/v2\/media\/1085"}],"wp:attachment":[{"href":"https:\/\/nuzjewelry.com\/en\/wp-json\/wp\/v2\/media?parent=1084"}],"wp:term":[{"taxonomy":"product_cat","embeddable":true,"href":"https:\/\/nuzjewelry.com\/en\/wp-json\/wp\/v2\/product_cat?post=1084"},{"taxonomy":"product_tag","embeddable":true,"href":"https:\/\/nuzjewelry.com\/en\/wp-json\/wp\/v2\/product_tag?post=1084"}],"curies":[{"name":"wp","href":"https:\/\/api.w.org\/{rel}","templated":true}]}}