{"id":782,"date":"2023-07-04T15:52:45","date_gmt":"2023-07-04T15:52:45","guid":{"rendered":"https:\/\/instoremanager.com\/nuzjewelry\/?post_type=product&#038;p=782"},"modified":"2023-07-04T15:52:45","modified_gmt":"2023-07-04T15:52:45","slug":"zapestnica-zvezdica","status":"publish","type":"product","link":"https:\/\/nuzjewelry.com\/en\/product\/zapestnica-zvezdica\/","title":{"rendered":"Zapestnica zvezdica"},"content":{"rendered":"<p>Zapetnica za sre\u010do. Zapestnica, ki prina\u0161a sre\u010do, je ve\u010d kot le okras. Simboli in elementi, povezani s to zapestnico, slu\u017eijo kot spodbuda za pozitivo v \u017eivljenju.<\/p>","protected":false},"excerpt":{"rendered":"<p>Zapetnica za sre\u010do. Zapestnica, ki prina\u0161a sre\u010do, je ve\u010d kot le okras. Simboli in elementi, povezani s to zapestnico, slu\u017eijo kot spodbuda za pozitivo v \u017eivljenju.<\/p>","protected":false},"featured_media":787,"comment_status":"open","ping_status":"closed","template":"","meta":[],"product_cat":[15,34],"product_tag":[],"class_list":["post-782","product","type-product","status-publish","has-post-thumbnail","hentry","product_cat-nekategorizirano","product_cat-zapestnice"],"yoast_head":"<!-- This site is optimized with the Yoast SEO plugin v20.11 - https:\/\/yoast.com\/wordpress\/plugins\/seo\/ -->\n<title>Zapestnica zvezdica - NUZ Jewerly<\/title>\n<meta name=\"description\" content=\"Zapestnica za sre\u010do. Zapestnica, ki prina\u0161a sre\u010do, je ve\u010d kot le okras. Simboli in elementi, povezani s to zapestnico, prispevajo k sre\u010di.\" \/>\n<meta name=\"robots\" content=\"index, follow, max-snippet:-1, max-image-preview:large, max-video-preview:-1\" \/>\n<link rel=\"canonical\" href=\"https:\/\/nuzjewelry.com\/en\/product\/zapestnica-zvezdica\/\" \/>\n<meta property=\"og:locale\" content=\"en_US\" \/>\n<meta property=\"og:type\" content=\"article\" \/>\n<meta property=\"og:title\" content=\"Zapestnica zvezdica - NUZ Jewerly\" \/>\n<meta property=\"og:description\" content=\"Zapestnica za sre\u010do. Zapestnica, ki prina\u0161a sre\u010do, je ve\u010d kot le okras. Simboli in elementi, povezani s to zapestnico, prispevajo k sre\u010di.\" \/>\n<meta property=\"og:url\" content=\"https:\/\/nuzjewelry.com\/en\/product\/zapestnica-zvezdica\/\" \/>\n<meta property=\"og:site_name\" content=\"NUZ Jewerly\" \/>\n<meta property=\"og:image\" content=\"https:\/\/i0.wp.com\/nuzjewelry.com\/wp-content\/uploads\/2023\/07\/zvedica-zapestnica.jpeg?fit=530%2C707&ssl=1\" \/>\n\t<meta property=\"og:image:width\" content=\"530\" \/>\n\t<meta property=\"og:image:height\" content=\"707\" \/>\n\t<meta property=\"og:image:type\" content=\"image\/jpeg\" \/>\n<meta name=\"twitter:card\" content=\"summary_large_image\" \/>\n<meta name=\"twitter:label1\" content=\"Est. reading time\" \/>\n\t<meta name=\"twitter:data1\" content=\"1 minute\" \/>\n<script type=\"application\/ld+json\" class=\"yoast-schema-graph\">{\"@context\":\"https:\/\/schema.org\",\"@graph\":[{\"@type\":\"WebPage\",\"@id\":\"https:\/\/nuzjewelry.com\/izdelek\/zapestnica-zvezdica\/\",\"url\":\"https:\/\/nuzjewelry.com\/izdelek\/zapestnica-zvezdica\/\",\"name\":\"Zapestnica zvezdica - NUZ Jewerly\",\"isPartOf\":{\"@id\":\"https:\/\/nuzjewelry.com\/#website\"},\"datePublished\":\"2023-07-04T15:52:45+00:00\",\"dateModified\":\"2023-07-04T15:52:45+00:00\",\"description\":\"Zapestnica za sre\u010do. Zapestnica, ki prina\u0161a sre\u010do, je ve\u010d kot le okras. Simboli in elementi, povezani s to zapestnico, prispevajo k sre\u010di.\",\"breadcrumb\":{\"@id\":\"https:\/\/nuzjewelry.com\/izdelek\/zapestnica-zvezdica\/#breadcrumb\"},\"inLanguage\":\"en-US\",\"potentialAction\":[{\"@type\":\"ReadAction\",\"target\":[\"https:\/\/nuzjewelry.com\/izdelek\/zapestnica-zvezdica\/\"]}]},{\"@type\":\"BreadcrumbList\",\"@id\":\"https:\/\/nuzjewelry.com\/izdelek\/zapestnica-zvezdica\/#breadcrumb\",\"itemListElement\":[{\"@type\":\"ListItem\",\"position\":1,\"name\":\"Home\",\"item\":\"https:\/\/nuzjewelry.com\/\"},{\"@type\":\"ListItem\",\"position\":2,\"name\":\"Shop\",\"item\":\"https:\/\/nuzjewelry.com\/shop\/\"},{\"@type\":\"ListItem\",\"position\":3,\"name\":\"Zapestnica zvezdica\"}]},{\"@type\":\"WebSite\",\"@id\":\"https:\/\/nuzjewelry.com\/#website\",\"url\":\"https:\/\/nuzjewelry.com\/\",\"name\":\"NUZ Jewerly\",\"description\":\"Trgovina z zapestnicami in uhan\u010dki\",\"publisher\":{\"@id\":\"https:\/\/nuzjewelry.com\/#organization\"},\"potentialAction\":[{\"@type\":\"SearchAction\",\"target\":{\"@type\":\"EntryPoint\",\"urlTemplate\":\"https:\/\/nuzjewelry.com\/?s={search_term_string}\"},\"query-input\":\"required name=search_term_string\"}],\"inLanguage\":\"en-US\"},{\"@type\":\"Organization\",\"@id\":\"https:\/\/nuzjewelry.com\/#organization\",\"name\":\"NUZ Jewerly\",\"url\":\"https:\/\/nuzjewelry.com\/\",\"logo\":{\"@type\":\"ImageObject\",\"inLanguage\":\"en-US\",\"@id\":\"https:\/\/nuzjewelry.com\/#\/schema\/logo\/image\/\",\"url\":\"https:\/\/i0.wp.com\/nuzjewelry.com\/wp-content\/uploads\/2023\/07\/logoIOS.png?fit=500%2C500&ssl=1\",\"contentUrl\":\"https:\/\/i0.wp.com\/nuzjewelry.com\/wp-content\/uploads\/2023\/07\/logoIOS.png?fit=500%2C500&ssl=1\",\"width\":500,\"height\":500,\"caption\":\"NUZ Jewerly\"},\"image\":{\"@id\":\"https:\/\/nuzjewelry.com\/#\/schema\/logo\/image\/\"}}]}<\/script>\n<!-- \/ Yoast SEO plugin. -->","yoast_head_json":{"title":"Zapestnica zvezdica - NUZ Jewerly","description":"Zapestnica za sre\u010do. Zapestnica, ki prina\u0161a sre\u010do, je ve\u010d kot le okras. Simboli in elementi, povezani s to zapestnico, prispevajo k sre\u010di.","robots":{"index":"index","follow":"follow","max-snippet":"max-snippet:-1","max-image-preview":"max-image-preview:large","max-video-preview":"max-video-preview:-1"},"canonical":"https:\/\/nuzjewelry.com\/en\/product\/zapestnica-zvezdica\/","og_locale":"en_US","og_type":"article","og_title":"Zapestnica zvezdica - NUZ Jewerly","og_description":"Zapestnica za sre\u010do. Zapestnica, ki prina\u0161a sre\u010do, je ve\u010d kot le okras. Simboli in elementi, povezani s to zapestnico, prispevajo k sre\u010di.","og_url":"https:\/\/nuzjewelry.com\/en\/product\/zapestnica-zvezdica\/","og_site_name":"NUZ Jewerly","og_image":[{"width":530,"height":707,"url":"https:\/\/i0.wp.com\/nuzjewelry.com\/wp-content\/uploads\/2023\/07\/zvedica-zapestnica.jpeg?fit=530%2C707&ssl=1","type":"image\/jpeg"}],"twitter_card":"summary_large_image","twitter_misc":{"Est. reading time":"1 minute"},"schema":{"@context":"https:\/\/schema.org","@graph":[{"@type":"WebPage","@id":"https:\/\/nuzjewelry.com\/izdelek\/zapestnica-zvezdica\/","url":"https:\/\/nuzjewelry.com\/izdelek\/zapestnica-zvezdica\/","name":"Zapestnica zvezdica - NUZ Jewerly","isPartOf":{"@id":"https:\/\/nuzjewelry.com\/#website"},"datePublished":"2023-07-04T15:52:45+00:00","dateModified":"2023-07-04T15:52:45+00:00","description":"Zapestnica za sre\u010do. Zapestnica, ki prina\u0161a sre\u010do, je ve\u010d kot le okras. Simboli in elementi, povezani s to zapestnico, prispevajo k sre\u010di.","breadcrumb":{"@id":"https:\/\/nuzjewelry.com\/izdelek\/zapestnica-zvezdica\/#breadcrumb"},"inLanguage":"en-US","potentialAction":[{"@type":"ReadAction","target":["https:\/\/nuzjewelry.com\/izdelek\/zapestnica-zvezdica\/"]}]},{"@type":"BreadcrumbList","@id":"https:\/\/nuzjewelry.com\/izdelek\/zapestnica-zvezdica\/#breadcrumb","itemListElement":[{"@type":"ListItem","position":1,"name":"Home","item":"https:\/\/nuzjewelry.com\/"},{"@type":"ListItem","position":2,"name":"Shop","item":"https:\/\/nuzjewelry.com\/shop\/"},{"@type":"ListItem","position":3,"name":"Zapestnica zvezdica"}]},{"@type":"WebSite","@id":"https:\/\/nuzjewelry.com\/#website","url":"https:\/\/nuzjewelry.com\/","name":"NUZ Jewerly","description":"Trgovina z zapestnicami in uhan\u010dki","publisher":{"@id":"https:\/\/nuzjewelry.com\/#organization"},"potentialAction":[{"@type":"SearchAction","target":{"@type":"EntryPoint","urlTemplate":"https:\/\/nuzjewelry.com\/?s={search_term_string}"},"query-input":"required name=search_term_string"}],"inLanguage":"en-US"},{"@type":"Organization","@id":"https:\/\/nuzjewelry.com\/#organization","name":"NUZ Jewerly","url":"https:\/\/nuzjewelry.com\/","logo":{"@type":"ImageObject","inLanguage":"en-US","@id":"https:\/\/nuzjewelry.com\/#\/schema\/logo\/image\/","url":"https:\/\/i0.wp.com\/nuzjewelry.com\/wp-content\/uploads\/2023\/07\/logoIOS.png?fit=500%2C500&ssl=1","contentUrl":"https:\/\/i0.wp.com\/nuzjewelry.com\/wp-content\/uploads\/2023\/07\/logoIOS.png?fit=500%2C500&ssl=1","width":500,"height":500,"caption":"NUZ Jewerly"},"image":{"@id":"https:\/\/nuzjewelry.com\/#\/schema\/logo\/image\/"}}]}},"_links":{"self":[{"href":"https:\/\/nuzjewelry.com\/en\/wp-json\/wp\/v2\/product\/782","targetHints":{"allow":["GET"]}}],"collection":[{"href":"https:\/\/nuzjewelry.com\/en\/wp-json\/wp\/v2\/product"}],"about":[{"href":"https:\/\/nuzjewelry.com\/en\/wp-json\/wp\/v2\/types\/product"}],"replies":[{"embeddable":true,"href":"https:\/\/nuzjewelry.com\/en\/wp-json\/wp\/v2\/comments?post=782"}],"version-history":[{"count":1,"href":"https:\/\/nuzjewelry.com\/en\/wp-json\/wp\/v2\/product\/782\/revisions"}],"predecessor-version":[{"id":786,"href":"https:\/\/nuzjewelry.com\/en\/wp-json\/wp\/v2\/product\/782\/revisions\/786"}],"wp:featuredmedia":[{"embeddable":true,"href":"https:\/\/nuzjewelry.com\/en\/wp-json\/wp\/v2\/media\/787"}],"wp:attachment":[{"href":"https:\/\/nuzjewelry.com\/en\/wp-json\/wp\/v2\/media?parent=782"}],"wp:term":[{"taxonomy":"product_cat","embeddable":true,"href":"https:\/\/nuzjewelry.com\/en\/wp-json\/wp\/v2\/product_cat?post=782"},{"taxonomy":"product_tag","embeddable":true,"href":"https:\/\/nuzjewelry.com\/en\/wp-json\/wp\/v2\/product_tag?post=782"}],"curies":[{"name":"wp","href":"https:\/\/api.w.org\/{rel}","templated":true}]}}