{"id":793,"date":"2023-07-04T16:13:38","date_gmt":"2023-07-04T16:13:38","guid":{"rendered":"https:\/\/instoremanager.com\/nuzjewelry\/?post_type=product&#038;p=793"},"modified":"2026-02-03T05:18:08","modified_gmt":"2026-02-03T05:18:08","slug":"bff-zapestnici","status":"publish","type":"product","link":"https:\/\/nuzjewelry.com\/en\/product\/bff-zapestnici\/","title":{"rendered":"BFF zapestnici"},"content":{"rendered":"<p>Zapestnica &#8220;BFF\u201d je posebna zapestnica, ki je namenjena najbolj\u0161im prijateljicam za izra\u017eanje ve\u010dnega prijateljstva in ljubezni med njima. Zapestnica za bff je popolno darilo, ki izra\u017ea ljubezen, zaupanje in zvestobo med najbolj\u0161imi prijateljicami. Ko bosta nosili to zapestnico, bosta vedno spominjani na dragoceno vez, ki ju povezuje, in si bosta dajali mo\u010d ter podporo v vseh trenutkih \u017eivljenja.<\/p>","protected":false},"excerpt":{"rendered":"<p>Zapestnica &#8220;BFF\u201d je posebna zapestnica, ki je namenjena najbolj\u0161im prijateljicam za izra\u017eanje ve\u010dnega prijateljstva in ljubezni med njima. Zapestnica za bff je popolno darilo, ki izra\u017ea ljubezen, zaupanje in zvestobo<\/p>","protected":false},"featured_media":794,"comment_status":"open","ping_status":"closed","template":"","meta":[],"product_cat":[15,34],"product_tag":[],"class_list":["post-793","product","type-product","status-publish","has-post-thumbnail","hentry","product_cat-nekategorizirano","product_cat-zapestnice"],"yoast_head":"<!-- This site is optimized with the Yoast SEO plugin v20.11 - https:\/\/yoast.com\/wordpress\/plugins\/seo\/ -->\n<title>BFF zapestnici - NUZ Jewerly<\/title>\n<meta name=\"description\" content=\"Zapestnica &quot;BFF\u201d je posebna zapestnica, ki je namenjena najbolj\u0161im prijateljicam za izra\u017eanje ve\u010dnega prijateljstva in ljubezni med njima.\" \/>\n<meta name=\"robots\" content=\"index, follow, max-snippet:-1, max-image-preview:large, max-video-preview:-1\" \/>\n<link rel=\"canonical\" href=\"https:\/\/nuzjewelry.com\/en\/product\/bff-zapestnici\/\" \/>\n<meta property=\"og:locale\" content=\"en_US\" \/>\n<meta property=\"og:type\" content=\"article\" \/>\n<meta property=\"og:title\" content=\"BFF zapestnici - NUZ Jewerly\" \/>\n<meta property=\"og:description\" content=\"Zapestnica &quot;BFF\u201d je posebna zapestnica, ki je namenjena najbolj\u0161im prijateljicam za izra\u017eanje ve\u010dnega prijateljstva in ljubezni med njima.\" \/>\n<meta property=\"og:url\" content=\"https:\/\/nuzjewelry.com\/en\/product\/bff-zapestnici\/\" \/>\n<meta property=\"og:site_name\" content=\"NUZ Jewerly\" \/>\n<meta property=\"article:modified_time\" content=\"2026-02-03T05:18:08+00:00\" \/>\n<meta property=\"og:image\" content=\"https:\/\/i0.wp.com\/nuzjewelry.com\/wp-content\/uploads\/2023\/07\/bff.jpeg?fit=889%2C729&ssl=1\" \/>\n\t<meta property=\"og:image:width\" content=\"889\" \/>\n\t<meta property=\"og:image:height\" content=\"729\" \/>\n\t<meta property=\"og:image:type\" content=\"image\/jpeg\" \/>\n<meta name=\"twitter:card\" content=\"summary_large_image\" \/>\n<meta name=\"twitter:label1\" content=\"Est. reading time\" \/>\n\t<meta name=\"twitter:data1\" content=\"1 minute\" \/>\n<script type=\"application\/ld+json\" class=\"yoast-schema-graph\">{\"@context\":\"https:\/\/schema.org\",\"@graph\":[{\"@type\":\"WebPage\",\"@id\":\"https:\/\/nuzjewelry.com\/izdelek\/bff-zapestnici\/\",\"url\":\"https:\/\/nuzjewelry.com\/izdelek\/bff-zapestnici\/\",\"name\":\"BFF zapestnici - NUZ Jewerly\",\"isPartOf\":{\"@id\":\"https:\/\/nuzjewelry.com\/#website\"},\"datePublished\":\"2023-07-04T16:13:38+00:00\",\"dateModified\":\"2026-02-03T05:18:08+00:00\",\"description\":\"Zapestnica \\\"BFF\u201d je posebna zapestnica, ki je namenjena najbolj\u0161im prijateljicam za izra\u017eanje ve\u010dnega prijateljstva in ljubezni med njima.\",\"breadcrumb\":{\"@id\":\"https:\/\/nuzjewelry.com\/izdelek\/bff-zapestnici\/#breadcrumb\"},\"inLanguage\":\"en-US\",\"potentialAction\":[{\"@type\":\"ReadAction\",\"target\":[\"https:\/\/nuzjewelry.com\/izdelek\/bff-zapestnici\/\"]}]},{\"@type\":\"BreadcrumbList\",\"@id\":\"https:\/\/nuzjewelry.com\/izdelek\/bff-zapestnici\/#breadcrumb\",\"itemListElement\":[{\"@type\":\"ListItem\",\"position\":1,\"name\":\"Home\",\"item\":\"https:\/\/nuzjewelry.com\/\"},{\"@type\":\"ListItem\",\"position\":2,\"name\":\"Shop\",\"item\":\"https:\/\/nuzjewelry.com\/shop\/\"},{\"@type\":\"ListItem\",\"position\":3,\"name\":\"BFF zapestnici\"}]},{\"@type\":\"WebSite\",\"@id\":\"https:\/\/nuzjewelry.com\/#website\",\"url\":\"https:\/\/nuzjewelry.com\/\",\"name\":\"NUZ Jewerly\",\"description\":\"Trgovina z zapestnicami in uhan\u010dki\",\"publisher\":{\"@id\":\"https:\/\/nuzjewelry.com\/#organization\"},\"potentialAction\":[{\"@type\":\"SearchAction\",\"target\":{\"@type\":\"EntryPoint\",\"urlTemplate\":\"https:\/\/nuzjewelry.com\/?s={search_term_string}\"},\"query-input\":\"required name=search_term_string\"}],\"inLanguage\":\"en-US\"},{\"@type\":\"Organization\",\"@id\":\"https:\/\/nuzjewelry.com\/#organization\",\"name\":\"NUZ Jewerly\",\"url\":\"https:\/\/nuzjewelry.com\/\",\"logo\":{\"@type\":\"ImageObject\",\"inLanguage\":\"en-US\",\"@id\":\"https:\/\/nuzjewelry.com\/#\/schema\/logo\/image\/\",\"url\":\"https:\/\/i0.wp.com\/nuzjewelry.com\/wp-content\/uploads\/2023\/07\/logoIOS.png?fit=500%2C500&ssl=1\",\"contentUrl\":\"https:\/\/i0.wp.com\/nuzjewelry.com\/wp-content\/uploads\/2023\/07\/logoIOS.png?fit=500%2C500&ssl=1\",\"width\":500,\"height\":500,\"caption\":\"NUZ Jewerly\"},\"image\":{\"@id\":\"https:\/\/nuzjewelry.com\/#\/schema\/logo\/image\/\"}}]}<\/script>\n<!-- \/ Yoast SEO plugin. -->","yoast_head_json":{"title":"BFF zapestnici - NUZ Jewerly","description":"Zapestnica \"BFF\u201d je posebna zapestnica, ki je namenjena najbolj\u0161im prijateljicam za izra\u017eanje ve\u010dnega prijateljstva in ljubezni med njima.","robots":{"index":"index","follow":"follow","max-snippet":"max-snippet:-1","max-image-preview":"max-image-preview:large","max-video-preview":"max-video-preview:-1"},"canonical":"https:\/\/nuzjewelry.com\/en\/product\/bff-zapestnici\/","og_locale":"en_US","og_type":"article","og_title":"BFF zapestnici - NUZ Jewerly","og_description":"Zapestnica \"BFF\u201d je posebna zapestnica, ki je namenjena najbolj\u0161im prijateljicam za izra\u017eanje ve\u010dnega prijateljstva in ljubezni med njima.","og_url":"https:\/\/nuzjewelry.com\/en\/product\/bff-zapestnici\/","og_site_name":"NUZ Jewerly","article_modified_time":"2026-02-03T05:18:08+00:00","og_image":[{"width":889,"height":729,"url":"https:\/\/i0.wp.com\/nuzjewelry.com\/wp-content\/uploads\/2023\/07\/bff.jpeg?fit=889%2C729&ssl=1","type":"image\/jpeg"}],"twitter_card":"summary_large_image","twitter_misc":{"Est. reading time":"1 minute"},"schema":{"@context":"https:\/\/schema.org","@graph":[{"@type":"WebPage","@id":"https:\/\/nuzjewelry.com\/izdelek\/bff-zapestnici\/","url":"https:\/\/nuzjewelry.com\/izdelek\/bff-zapestnici\/","name":"BFF zapestnici - NUZ Jewerly","isPartOf":{"@id":"https:\/\/nuzjewelry.com\/#website"},"datePublished":"2023-07-04T16:13:38+00:00","dateModified":"2026-02-03T05:18:08+00:00","description":"Zapestnica \"BFF\u201d je posebna zapestnica, ki je namenjena najbolj\u0161im prijateljicam za izra\u017eanje ve\u010dnega prijateljstva in ljubezni med njima.","breadcrumb":{"@id":"https:\/\/nuzjewelry.com\/izdelek\/bff-zapestnici\/#breadcrumb"},"inLanguage":"en-US","potentialAction":[{"@type":"ReadAction","target":["https:\/\/nuzjewelry.com\/izdelek\/bff-zapestnici\/"]}]},{"@type":"BreadcrumbList","@id":"https:\/\/nuzjewelry.com\/izdelek\/bff-zapestnici\/#breadcrumb","itemListElement":[{"@type":"ListItem","position":1,"name":"Home","item":"https:\/\/nuzjewelry.com\/"},{"@type":"ListItem","position":2,"name":"Shop","item":"https:\/\/nuzjewelry.com\/shop\/"},{"@type":"ListItem","position":3,"name":"BFF zapestnici"}]},{"@type":"WebSite","@id":"https:\/\/nuzjewelry.com\/#website","url":"https:\/\/nuzjewelry.com\/","name":"NUZ Jewerly","description":"Trgovina z zapestnicami in uhan\u010dki","publisher":{"@id":"https:\/\/nuzjewelry.com\/#organization"},"potentialAction":[{"@type":"SearchAction","target":{"@type":"EntryPoint","urlTemplate":"https:\/\/nuzjewelry.com\/?s={search_term_string}"},"query-input":"required name=search_term_string"}],"inLanguage":"en-US"},{"@type":"Organization","@id":"https:\/\/nuzjewelry.com\/#organization","name":"NUZ Jewerly","url":"https:\/\/nuzjewelry.com\/","logo":{"@type":"ImageObject","inLanguage":"en-US","@id":"https:\/\/nuzjewelry.com\/#\/schema\/logo\/image\/","url":"https:\/\/i0.wp.com\/nuzjewelry.com\/wp-content\/uploads\/2023\/07\/logoIOS.png?fit=500%2C500&ssl=1","contentUrl":"https:\/\/i0.wp.com\/nuzjewelry.com\/wp-content\/uploads\/2023\/07\/logoIOS.png?fit=500%2C500&ssl=1","width":500,"height":500,"caption":"NUZ Jewerly"},"image":{"@id":"https:\/\/nuzjewelry.com\/#\/schema\/logo\/image\/"}}]}},"_links":{"self":[{"href":"https:\/\/nuzjewelry.com\/en\/wp-json\/wp\/v2\/product\/793","targetHints":{"allow":["GET"]}}],"collection":[{"href":"https:\/\/nuzjewelry.com\/en\/wp-json\/wp\/v2\/product"}],"about":[{"href":"https:\/\/nuzjewelry.com\/en\/wp-json\/wp\/v2\/types\/product"}],"replies":[{"embeddable":true,"href":"https:\/\/nuzjewelry.com\/en\/wp-json\/wp\/v2\/comments?post=793"}],"version-history":[{"count":1,"href":"https:\/\/nuzjewelry.com\/en\/wp-json\/wp\/v2\/product\/793\/revisions"}],"predecessor-version":[{"id":799,"href":"https:\/\/nuzjewelry.com\/en\/wp-json\/wp\/v2\/product\/793\/revisions\/799"}],"wp:featuredmedia":[{"embeddable":true,"href":"https:\/\/nuzjewelry.com\/en\/wp-json\/wp\/v2\/media\/794"}],"wp:attachment":[{"href":"https:\/\/nuzjewelry.com\/en\/wp-json\/wp\/v2\/media?parent=793"}],"wp:term":[{"taxonomy":"product_cat","embeddable":true,"href":"https:\/\/nuzjewelry.com\/en\/wp-json\/wp\/v2\/product_cat?post=793"},{"taxonomy":"product_tag","embeddable":true,"href":"https:\/\/nuzjewelry.com\/en\/wp-json\/wp\/v2\/product_tag?post=793"}],"curies":[{"name":"wp","href":"https:\/\/api.w.org\/{rel}","templated":true}]}}