{"id":810,"date":"2023-07-04T18:36:50","date_gmt":"2023-07-04T18:36:50","guid":{"rendered":"https:\/\/instoremanager.com\/nuzjewelry\/?post_type=product&#038;p=810"},"modified":"2023-07-04T18:43:11","modified_gmt":"2023-07-04T18:43:11","slug":"magicna-zapestnica","status":"publish","type":"product","link":"https:\/\/nuzjewelry.com\/en\/product\/magicna-zapestnica\/","title":{"rendered":"magi\u010dna zapestnica"},"content":{"rendered":"<p>\u010ce i\u0161\u010dete eleganten in ne\u017een dodatek za svoj slog, boste zagotovo na\u0161li nekaj posebnega med na\u0161imi belimi in prozornimi perlami. Bele perlice simbolizirajo \u010distost in eleganco, medtem ko prozorne perle dodajo pridih subtilnosti in sijaja. Skupaj ustvarjajo prefinjen in sofisticiran videz, ki bo poudaril va\u0161o \u017eenstvenost in stil.So klasi\u010den in vsestranski kos, ki se prilagaja razli\u010dnim stilom in prilo\u017enostim. Izrazite svojo eleganco in iz\u017earevajte subtilen sijaj s temi prefinjenimi dodatki.<\/p>","protected":false},"excerpt":{"rendered":"<p>\u010ce i\u0161\u010dete eleganten in ne\u017een dodatek za svoj slog, boste zagotovo na\u0161li nekaj posebnega med na\u0161imi belimi in prozornimi perlami. Bele perlice simbolizirajo \u010distost in eleganco, medtem ko prozorne perle<\/p>","protected":false},"featured_media":814,"comment_status":"open","ping_status":"closed","template":"","meta":[],"product_cat":[15,34],"product_tag":[],"class_list":["post-810","product","type-product","status-publish","has-post-thumbnail","hentry","product_cat-nekategorizirano","product_cat-zapestnice"],"yoast_head":"<!-- This site is optimized with the Yoast SEO plugin v20.11 - https:\/\/yoast.com\/wordpress\/plugins\/seo\/ -->\n<title>magi\u010dna zapestnica - NUZ Jewerly<\/title>\n<meta name=\"description\" content=\"\u010ce i\u0161\u010dete eleganten in ne\u017een dodatek za svoj slog, boste zagotovo na\u0161li nekaj posebnega med na\u0161imi belimi in prozornimi perlami.\" \/>\n<meta name=\"robots\" content=\"index, follow, max-snippet:-1, max-image-preview:large, max-video-preview:-1\" \/>\n<link rel=\"canonical\" href=\"https:\/\/nuzjewelry.com\/en\/product\/magicna-zapestnica\/\" \/>\n<meta property=\"og:locale\" content=\"en_US\" \/>\n<meta property=\"og:type\" content=\"article\" \/>\n<meta property=\"og:title\" content=\"magi\u010dna zapestnica - NUZ Jewerly\" \/>\n<meta property=\"og:description\" content=\"\u010ce i\u0161\u010dete eleganten in ne\u017een dodatek za svoj slog, boste zagotovo na\u0161li nekaj posebnega med na\u0161imi belimi in prozornimi perlami.\" \/>\n<meta property=\"og:url\" content=\"https:\/\/nuzjewelry.com\/en\/product\/magicna-zapestnica\/\" \/>\n<meta property=\"og:site_name\" content=\"NUZ Jewerly\" \/>\n<meta property=\"article:modified_time\" content=\"2023-07-04T18:43:11+00:00\" \/>\n<meta property=\"og:image\" content=\"https:\/\/i0.wp.com\/nuzjewelry.com\/wp-content\/uploads\/2023\/07\/2.jpeg?fit=530%2C707&ssl=1\" \/>\n\t<meta property=\"og:image:width\" content=\"530\" \/>\n\t<meta property=\"og:image:height\" content=\"707\" \/>\n\t<meta property=\"og:image:type\" content=\"image\/jpeg\" \/>\n<meta name=\"twitter:card\" content=\"summary_large_image\" \/>\n<meta name=\"twitter:label1\" content=\"Est. reading time\" \/>\n\t<meta name=\"twitter:data1\" content=\"1 minute\" \/>\n<script type=\"application\/ld+json\" class=\"yoast-schema-graph\">{\"@context\":\"https:\/\/schema.org\",\"@graph\":[{\"@type\":\"WebPage\",\"@id\":\"https:\/\/nuzjewelry.com\/izdelek\/magicna-zapestnica\/\",\"url\":\"https:\/\/nuzjewelry.com\/izdelek\/magicna-zapestnica\/\",\"name\":\"magi\u010dna zapestnica - NUZ Jewerly\",\"isPartOf\":{\"@id\":\"https:\/\/nuzjewelry.com\/#website\"},\"datePublished\":\"2023-07-04T18:36:50+00:00\",\"dateModified\":\"2023-07-04T18:43:11+00:00\",\"description\":\"\u010ce i\u0161\u010dete eleganten in ne\u017een dodatek za svoj slog, boste zagotovo na\u0161li nekaj posebnega med na\u0161imi belimi in prozornimi perlami.\",\"breadcrumb\":{\"@id\":\"https:\/\/nuzjewelry.com\/izdelek\/magicna-zapestnica\/#breadcrumb\"},\"inLanguage\":\"en-US\",\"potentialAction\":[{\"@type\":\"ReadAction\",\"target\":[\"https:\/\/nuzjewelry.com\/izdelek\/magicna-zapestnica\/\"]}]},{\"@type\":\"BreadcrumbList\",\"@id\":\"https:\/\/nuzjewelry.com\/izdelek\/magicna-zapestnica\/#breadcrumb\",\"itemListElement\":[{\"@type\":\"ListItem\",\"position\":1,\"name\":\"Home\",\"item\":\"https:\/\/nuzjewelry.com\/\"},{\"@type\":\"ListItem\",\"position\":2,\"name\":\"Shop\",\"item\":\"https:\/\/nuzjewelry.com\/shop\/\"},{\"@type\":\"ListItem\",\"position\":3,\"name\":\"magi\u010dna zapestnica\"}]},{\"@type\":\"WebSite\",\"@id\":\"https:\/\/nuzjewelry.com\/#website\",\"url\":\"https:\/\/nuzjewelry.com\/\",\"name\":\"NUZ Jewerly\",\"description\":\"Trgovina z zapestnicami in uhan\u010dki\",\"publisher\":{\"@id\":\"https:\/\/nuzjewelry.com\/#organization\"},\"potentialAction\":[{\"@type\":\"SearchAction\",\"target\":{\"@type\":\"EntryPoint\",\"urlTemplate\":\"https:\/\/nuzjewelry.com\/?s={search_term_string}\"},\"query-input\":\"required name=search_term_string\"}],\"inLanguage\":\"en-US\"},{\"@type\":\"Organization\",\"@id\":\"https:\/\/nuzjewelry.com\/#organization\",\"name\":\"NUZ Jewerly\",\"url\":\"https:\/\/nuzjewelry.com\/\",\"logo\":{\"@type\":\"ImageObject\",\"inLanguage\":\"en-US\",\"@id\":\"https:\/\/nuzjewelry.com\/#\/schema\/logo\/image\/\",\"url\":\"https:\/\/i0.wp.com\/nuzjewelry.com\/wp-content\/uploads\/2023\/07\/logoIOS.png?fit=500%2C500&ssl=1\",\"contentUrl\":\"https:\/\/i0.wp.com\/nuzjewelry.com\/wp-content\/uploads\/2023\/07\/logoIOS.png?fit=500%2C500&ssl=1\",\"width\":500,\"height\":500,\"caption\":\"NUZ Jewerly\"},\"image\":{\"@id\":\"https:\/\/nuzjewelry.com\/#\/schema\/logo\/image\/\"}}]}<\/script>\n<!-- \/ Yoast SEO plugin. -->","yoast_head_json":{"title":"magi\u010dna zapestnica - NUZ Jewerly","description":"\u010ce i\u0161\u010dete eleganten in ne\u017een dodatek za svoj slog, boste zagotovo na\u0161li nekaj posebnega med na\u0161imi belimi in prozornimi perlami.","robots":{"index":"index","follow":"follow","max-snippet":"max-snippet:-1","max-image-preview":"max-image-preview:large","max-video-preview":"max-video-preview:-1"},"canonical":"https:\/\/nuzjewelry.com\/en\/product\/magicna-zapestnica\/","og_locale":"en_US","og_type":"article","og_title":"magi\u010dna zapestnica - NUZ Jewerly","og_description":"\u010ce i\u0161\u010dete eleganten in ne\u017een dodatek za svoj slog, boste zagotovo na\u0161li nekaj posebnega med na\u0161imi belimi in prozornimi perlami.","og_url":"https:\/\/nuzjewelry.com\/en\/product\/magicna-zapestnica\/","og_site_name":"NUZ Jewerly","article_modified_time":"2023-07-04T18:43:11+00:00","og_image":[{"width":530,"height":707,"url":"https:\/\/i0.wp.com\/nuzjewelry.com\/wp-content\/uploads\/2023\/07\/2.jpeg?fit=530%2C707&ssl=1","type":"image\/jpeg"}],"twitter_card":"summary_large_image","twitter_misc":{"Est. reading time":"1 minute"},"schema":{"@context":"https:\/\/schema.org","@graph":[{"@type":"WebPage","@id":"https:\/\/nuzjewelry.com\/izdelek\/magicna-zapestnica\/","url":"https:\/\/nuzjewelry.com\/izdelek\/magicna-zapestnica\/","name":"magi\u010dna zapestnica - NUZ Jewerly","isPartOf":{"@id":"https:\/\/nuzjewelry.com\/#website"},"datePublished":"2023-07-04T18:36:50+00:00","dateModified":"2023-07-04T18:43:11+00:00","description":"\u010ce i\u0161\u010dete eleganten in ne\u017een dodatek za svoj slog, boste zagotovo na\u0161li nekaj posebnega med na\u0161imi belimi in prozornimi perlami.","breadcrumb":{"@id":"https:\/\/nuzjewelry.com\/izdelek\/magicna-zapestnica\/#breadcrumb"},"inLanguage":"en-US","potentialAction":[{"@type":"ReadAction","target":["https:\/\/nuzjewelry.com\/izdelek\/magicna-zapestnica\/"]}]},{"@type":"BreadcrumbList","@id":"https:\/\/nuzjewelry.com\/izdelek\/magicna-zapestnica\/#breadcrumb","itemListElement":[{"@type":"ListItem","position":1,"name":"Home","item":"https:\/\/nuzjewelry.com\/"},{"@type":"ListItem","position":2,"name":"Shop","item":"https:\/\/nuzjewelry.com\/shop\/"},{"@type":"ListItem","position":3,"name":"magi\u010dna zapestnica"}]},{"@type":"WebSite","@id":"https:\/\/nuzjewelry.com\/#website","url":"https:\/\/nuzjewelry.com\/","name":"NUZ Jewerly","description":"Trgovina z zapestnicami in uhan\u010dki","publisher":{"@id":"https:\/\/nuzjewelry.com\/#organization"},"potentialAction":[{"@type":"SearchAction","target":{"@type":"EntryPoint","urlTemplate":"https:\/\/nuzjewelry.com\/?s={search_term_string}"},"query-input":"required name=search_term_string"}],"inLanguage":"en-US"},{"@type":"Organization","@id":"https:\/\/nuzjewelry.com\/#organization","name":"NUZ Jewerly","url":"https:\/\/nuzjewelry.com\/","logo":{"@type":"ImageObject","inLanguage":"en-US","@id":"https:\/\/nuzjewelry.com\/#\/schema\/logo\/image\/","url":"https:\/\/i0.wp.com\/nuzjewelry.com\/wp-content\/uploads\/2023\/07\/logoIOS.png?fit=500%2C500&ssl=1","contentUrl":"https:\/\/i0.wp.com\/nuzjewelry.com\/wp-content\/uploads\/2023\/07\/logoIOS.png?fit=500%2C500&ssl=1","width":500,"height":500,"caption":"NUZ Jewerly"},"image":{"@id":"https:\/\/nuzjewelry.com\/#\/schema\/logo\/image\/"}}]}},"_links":{"self":[{"href":"https:\/\/nuzjewelry.com\/en\/wp-json\/wp\/v2\/product\/810","targetHints":{"allow":["GET"]}}],"collection":[{"href":"https:\/\/nuzjewelry.com\/en\/wp-json\/wp\/v2\/product"}],"about":[{"href":"https:\/\/nuzjewelry.com\/en\/wp-json\/wp\/v2\/types\/product"}],"replies":[{"embeddable":true,"href":"https:\/\/nuzjewelry.com\/en\/wp-json\/wp\/v2\/comments?post=810"}],"version-history":[{"count":2,"href":"https:\/\/nuzjewelry.com\/en\/wp-json\/wp\/v2\/product\/810\/revisions"}],"predecessor-version":[{"id":816,"href":"https:\/\/nuzjewelry.com\/en\/wp-json\/wp\/v2\/product\/810\/revisions\/816"}],"wp:featuredmedia":[{"embeddable":true,"href":"https:\/\/nuzjewelry.com\/en\/wp-json\/wp\/v2\/media\/814"}],"wp:attachment":[{"href":"https:\/\/nuzjewelry.com\/en\/wp-json\/wp\/v2\/media?parent=810"}],"wp:term":[{"taxonomy":"product_cat","embeddable":true,"href":"https:\/\/nuzjewelry.com\/en\/wp-json\/wp\/v2\/product_cat?post=810"},{"taxonomy":"product_tag","embeddable":true,"href":"https:\/\/nuzjewelry.com\/en\/wp-json\/wp\/v2\/product_tag?post=810"}],"curies":[{"name":"wp","href":"https:\/\/api.w.org\/{rel}","templated":true}]}}