{"id":817,"date":"2023-07-04T18:57:18","date_gmt":"2023-07-04T18:57:18","guid":{"rendered":"https:\/\/instoremanager.com\/nuzjewelry\/?post_type=product&#038;p=817"},"modified":"2023-07-05T13:01:57","modified_gmt":"2023-07-05T13:01:57","slug":"svetleca-zapestnica","status":"publish","type":"product","link":"https:\/\/nuzjewelry.com\/en\/product\/svetleca-zapestnica\/","title":{"rendered":"svetle\u010da zapestnica"},"content":{"rendered":"<p>Odkrijte \u010darobno zapestnico, ki se sveti v temi. Ko je izpostavljena svetlobi, bodisi naravni bodisi umetni, zapestnica absorbira energijo in jo shranjuje v posebnih luminoznih elementih. Ko se stemni, zapestnica za\u010dne iz\u017earevati \u010dudovito svetlobo, ki ustvarja pravlji\u010den in skrivnosten videz. Ne glede na to, ali greste na zabavo, festival ali preprosto \u017eelite dodati nekaj posebnega svojemu vsakdanjemu slogu, na\u0161a zapestnica bo zagotovo pritegnila ob\u010dudovanje.<\/p>","protected":false},"excerpt":{"rendered":"<p>Odkrijte \u010darobno zapestnico, ki se sveti v temi. Ko je izpostavljena svetlobi, bodisi naravni bodisi umetni, zapestnica absorbira energijo in jo shranjuje v posebnih luminoznih elementih. Ko se stemni, zapestnica<\/p>","protected":false},"featured_media":823,"comment_status":"open","ping_status":"closed","template":"","meta":[],"product_cat":[15,34],"product_tag":[],"class_list":["post-817","product","type-product","status-publish","has-post-thumbnail","hentry","product_cat-nekategorizirano","product_cat-zapestnice"],"yoast_head":"<!-- This site is optimized with the Yoast SEO plugin v20.11 - https:\/\/yoast.com\/wordpress\/plugins\/seo\/ -->\n<title>svetle\u010da zapestnica - NUZ Jewerly<\/title>\n<meta name=\"description\" content=\"Odkrijte \u010darobno zapestnico, ki se sveti v temi...\" \/>\n<meta name=\"robots\" content=\"index, follow, max-snippet:-1, max-image-preview:large, max-video-preview:-1\" \/>\n<link rel=\"canonical\" href=\"https:\/\/nuzjewelry.com\/en\/product\/svetleca-zapestnica\/\" \/>\n<meta property=\"og:locale\" content=\"en_US\" \/>\n<meta property=\"og:type\" content=\"article\" \/>\n<meta property=\"og:title\" content=\"svetle\u010da zapestnica - NUZ Jewerly\" \/>\n<meta property=\"og:description\" content=\"Odkrijte \u010darobno zapestnico, ki se sveti v temi...\" \/>\n<meta property=\"og:url\" content=\"https:\/\/nuzjewelry.com\/en\/product\/svetleca-zapestnica\/\" \/>\n<meta property=\"og:site_name\" content=\"NUZ Jewerly\" \/>\n<meta property=\"article:modified_time\" content=\"2023-07-05T13:01:57+00:00\" \/>\n<meta property=\"og:image\" content=\"https:\/\/i0.wp.com\/nuzjewelry.com\/wp-content\/uploads\/2023\/07\/1a.jpeg?fit=573%2C764&ssl=1\" \/>\n\t<meta property=\"og:image:width\" content=\"573\" \/>\n\t<meta property=\"og:image:height\" content=\"764\" \/>\n\t<meta property=\"og:image:type\" content=\"image\/jpeg\" \/>\n<meta name=\"twitter:card\" content=\"summary_large_image\" \/>\n<meta name=\"twitter:label1\" content=\"Est. reading time\" \/>\n\t<meta name=\"twitter:data1\" content=\"1 minute\" \/>\n<script type=\"application\/ld+json\" class=\"yoast-schema-graph\">{\"@context\":\"https:\/\/schema.org\",\"@graph\":[{\"@type\":\"WebPage\",\"@id\":\"https:\/\/nuzjewelry.com\/izdelek\/svetleca-zapestnica\/\",\"url\":\"https:\/\/nuzjewelry.com\/izdelek\/svetleca-zapestnica\/\",\"name\":\"svetle\u010da zapestnica - NUZ Jewerly\",\"isPartOf\":{\"@id\":\"https:\/\/nuzjewelry.com\/#website\"},\"datePublished\":\"2023-07-04T18:57:18+00:00\",\"dateModified\":\"2023-07-05T13:01:57+00:00\",\"description\":\"Odkrijte \u010darobno zapestnico, ki se sveti v temi...\",\"breadcrumb\":{\"@id\":\"https:\/\/nuzjewelry.com\/izdelek\/svetleca-zapestnica\/#breadcrumb\"},\"inLanguage\":\"en-US\",\"potentialAction\":[{\"@type\":\"ReadAction\",\"target\":[\"https:\/\/nuzjewelry.com\/izdelek\/svetleca-zapestnica\/\"]}]},{\"@type\":\"BreadcrumbList\",\"@id\":\"https:\/\/nuzjewelry.com\/izdelek\/svetleca-zapestnica\/#breadcrumb\",\"itemListElement\":[{\"@type\":\"ListItem\",\"position\":1,\"name\":\"Home\",\"item\":\"https:\/\/nuzjewelry.com\/\"},{\"@type\":\"ListItem\",\"position\":2,\"name\":\"Shop\",\"item\":\"https:\/\/nuzjewelry.com\/shop\/\"},{\"@type\":\"ListItem\",\"position\":3,\"name\":\"svetle\u010da zapestnica\"}]},{\"@type\":\"WebSite\",\"@id\":\"https:\/\/nuzjewelry.com\/#website\",\"url\":\"https:\/\/nuzjewelry.com\/\",\"name\":\"NUZ Jewerly\",\"description\":\"Trgovina z zapestnicami in uhan\u010dki\",\"publisher\":{\"@id\":\"https:\/\/nuzjewelry.com\/#organization\"},\"potentialAction\":[{\"@type\":\"SearchAction\",\"target\":{\"@type\":\"EntryPoint\",\"urlTemplate\":\"https:\/\/nuzjewelry.com\/?s={search_term_string}\"},\"query-input\":\"required name=search_term_string\"}],\"inLanguage\":\"en-US\"},{\"@type\":\"Organization\",\"@id\":\"https:\/\/nuzjewelry.com\/#organization\",\"name\":\"NUZ Jewerly\",\"url\":\"https:\/\/nuzjewelry.com\/\",\"logo\":{\"@type\":\"ImageObject\",\"inLanguage\":\"en-US\",\"@id\":\"https:\/\/nuzjewelry.com\/#\/schema\/logo\/image\/\",\"url\":\"https:\/\/i0.wp.com\/nuzjewelry.com\/wp-content\/uploads\/2023\/07\/logoIOS.png?fit=500%2C500&ssl=1\",\"contentUrl\":\"https:\/\/i0.wp.com\/nuzjewelry.com\/wp-content\/uploads\/2023\/07\/logoIOS.png?fit=500%2C500&ssl=1\",\"width\":500,\"height\":500,\"caption\":\"NUZ Jewerly\"},\"image\":{\"@id\":\"https:\/\/nuzjewelry.com\/#\/schema\/logo\/image\/\"}}]}<\/script>\n<!-- \/ Yoast SEO plugin. -->","yoast_head_json":{"title":"svetle\u010da zapestnica - NUZ Jewerly","description":"Odkrijte \u010darobno zapestnico, ki se sveti v temi...","robots":{"index":"index","follow":"follow","max-snippet":"max-snippet:-1","max-image-preview":"max-image-preview:large","max-video-preview":"max-video-preview:-1"},"canonical":"https:\/\/nuzjewelry.com\/en\/product\/svetleca-zapestnica\/","og_locale":"en_US","og_type":"article","og_title":"svetle\u010da zapestnica - NUZ Jewerly","og_description":"Odkrijte \u010darobno zapestnico, ki se sveti v temi...","og_url":"https:\/\/nuzjewelry.com\/en\/product\/svetleca-zapestnica\/","og_site_name":"NUZ Jewerly","article_modified_time":"2023-07-05T13:01:57+00:00","og_image":[{"width":573,"height":764,"url":"https:\/\/i0.wp.com\/nuzjewelry.com\/wp-content\/uploads\/2023\/07\/1a.jpeg?fit=573%2C764&ssl=1","type":"image\/jpeg"}],"twitter_card":"summary_large_image","twitter_misc":{"Est. reading time":"1 minute"},"schema":{"@context":"https:\/\/schema.org","@graph":[{"@type":"WebPage","@id":"https:\/\/nuzjewelry.com\/izdelek\/svetleca-zapestnica\/","url":"https:\/\/nuzjewelry.com\/izdelek\/svetleca-zapestnica\/","name":"svetle\u010da zapestnica - NUZ Jewerly","isPartOf":{"@id":"https:\/\/nuzjewelry.com\/#website"},"datePublished":"2023-07-04T18:57:18+00:00","dateModified":"2023-07-05T13:01:57+00:00","description":"Odkrijte \u010darobno zapestnico, ki se sveti v temi...","breadcrumb":{"@id":"https:\/\/nuzjewelry.com\/izdelek\/svetleca-zapestnica\/#breadcrumb"},"inLanguage":"en-US","potentialAction":[{"@type":"ReadAction","target":["https:\/\/nuzjewelry.com\/izdelek\/svetleca-zapestnica\/"]}]},{"@type":"BreadcrumbList","@id":"https:\/\/nuzjewelry.com\/izdelek\/svetleca-zapestnica\/#breadcrumb","itemListElement":[{"@type":"ListItem","position":1,"name":"Home","item":"https:\/\/nuzjewelry.com\/"},{"@type":"ListItem","position":2,"name":"Shop","item":"https:\/\/nuzjewelry.com\/shop\/"},{"@type":"ListItem","position":3,"name":"svetle\u010da zapestnica"}]},{"@type":"WebSite","@id":"https:\/\/nuzjewelry.com\/#website","url":"https:\/\/nuzjewelry.com\/","name":"NUZ Jewerly","description":"Trgovina z zapestnicami in uhan\u010dki","publisher":{"@id":"https:\/\/nuzjewelry.com\/#organization"},"potentialAction":[{"@type":"SearchAction","target":{"@type":"EntryPoint","urlTemplate":"https:\/\/nuzjewelry.com\/?s={search_term_string}"},"query-input":"required name=search_term_string"}],"inLanguage":"en-US"},{"@type":"Organization","@id":"https:\/\/nuzjewelry.com\/#organization","name":"NUZ Jewerly","url":"https:\/\/nuzjewelry.com\/","logo":{"@type":"ImageObject","inLanguage":"en-US","@id":"https:\/\/nuzjewelry.com\/#\/schema\/logo\/image\/","url":"https:\/\/i0.wp.com\/nuzjewelry.com\/wp-content\/uploads\/2023\/07\/logoIOS.png?fit=500%2C500&ssl=1","contentUrl":"https:\/\/i0.wp.com\/nuzjewelry.com\/wp-content\/uploads\/2023\/07\/logoIOS.png?fit=500%2C500&ssl=1","width":500,"height":500,"caption":"NUZ Jewerly"},"image":{"@id":"https:\/\/nuzjewelry.com\/#\/schema\/logo\/image\/"}}]}},"_links":{"self":[{"href":"https:\/\/nuzjewelry.com\/en\/wp-json\/wp\/v2\/product\/817","targetHints":{"allow":["GET"]}}],"collection":[{"href":"https:\/\/nuzjewelry.com\/en\/wp-json\/wp\/v2\/product"}],"about":[{"href":"https:\/\/nuzjewelry.com\/en\/wp-json\/wp\/v2\/types\/product"}],"replies":[{"embeddable":true,"href":"https:\/\/nuzjewelry.com\/en\/wp-json\/wp\/v2\/comments?post=817"}],"version-history":[{"count":2,"href":"https:\/\/nuzjewelry.com\/en\/wp-json\/wp\/v2\/product\/817\/revisions"}],"predecessor-version":[{"id":829,"href":"https:\/\/nuzjewelry.com\/en\/wp-json\/wp\/v2\/product\/817\/revisions\/829"}],"wp:featuredmedia":[{"embeddable":true,"href":"https:\/\/nuzjewelry.com\/en\/wp-json\/wp\/v2\/media\/823"}],"wp:attachment":[{"href":"https:\/\/nuzjewelry.com\/en\/wp-json\/wp\/v2\/media?parent=817"}],"wp:term":[{"taxonomy":"product_cat","embeddable":true,"href":"https:\/\/nuzjewelry.com\/en\/wp-json\/wp\/v2\/product_cat?post=817"},{"taxonomy":"product_tag","embeddable":true,"href":"https:\/\/nuzjewelry.com\/en\/wp-json\/wp\/v2\/product_tag?post=817"}],"curies":[{"name":"wp","href":"https:\/\/api.w.org\/{rel}","templated":true}]}}