{"id":831,"date":"2023-07-05T16:25:45","date_gmt":"2023-07-05T16:25:45","guid":{"rendered":"https:\/\/instoremanager.com\/nuzjewelry\/?post_type=product&#038;p=831"},"modified":"2023-07-05T16:27:43","modified_gmt":"2023-07-05T16:27:43","slug":"uhani-tacke","status":"publish","type":"product","link":"https:\/\/nuzjewelry.com\/en\/product\/uhani-tacke\/","title":{"rendered":"Uhani ta\u010dke"},"content":{"rendered":"<p>To so uhani, ki nosijo prav poseben pomen &#8211; ponazarjajo ljubezen do na\u0161ih najljub\u0161ih \u017eivali. Vsak par uhana je oblikovan tako, da na subtilen na\u010din prika\u017ee na\u0161o povezanost z \u017eivalskim svetom. Ne samo, da bodo ti uhani lep dodatek k va\u0161emu videzu, temve\u010d bodo tudi odsevali va\u0161o ljubezen do \u017eivali.<\/p>","protected":false},"excerpt":{"rendered":"<p>To so uhani, ki nosijo prav poseben pomen &#8211; ponazarjajo ljubezen do na\u0161ih najljub\u0161ih \u017eivali. Vsak par uhana je oblikovan tako, da na subtilen na\u010din prika\u017ee na\u0161o povezanost z \u017eivalskim<\/p>","protected":false},"featured_media":832,"comment_status":"open","ping_status":"closed","template":"","meta":[],"product_cat":[15,38],"product_tag":[],"class_list":["post-831","product","type-product","status-publish","has-post-thumbnail","hentry","product_cat-nekategorizirano","product_cat-uhani"],"yoast_head":"<!-- This site is optimized with the Yoast SEO plugin v20.11 - https:\/\/yoast.com\/wordpress\/plugins\/seo\/ -->\n<title>Uhani ta\u010dke - NUZ Jewerly<\/title>\n<meta name=\"description\" content=\"To so uhani, ki nosijo prav poseben pomen - ponazarjajo ljubezen do na\u0161ih najljub\u0161ih \u017eivali. Ali bi radi imeli nekaj, kar vas spominja na va\u0161o \u017eival?\" \/>\n<meta name=\"robots\" content=\"index, follow, max-snippet:-1, max-image-preview:large, max-video-preview:-1\" \/>\n<link rel=\"canonical\" href=\"https:\/\/nuzjewelry.com\/en\/product\/uhani-tacke\/\" \/>\n<meta property=\"og:locale\" content=\"en_US\" \/>\n<meta property=\"og:type\" content=\"article\" \/>\n<meta property=\"og:title\" content=\"Uhani ta\u010dke - NUZ Jewerly\" \/>\n<meta property=\"og:description\" content=\"To so uhani, ki nosijo prav poseben pomen - ponazarjajo ljubezen do na\u0161ih najljub\u0161ih \u017eivali. Ali bi radi imeli nekaj, kar vas spominja na va\u0161o \u017eival?\" \/>\n<meta property=\"og:url\" content=\"https:\/\/nuzjewelry.com\/en\/product\/uhani-tacke\/\" \/>\n<meta property=\"og:site_name\" content=\"NUZ Jewerly\" \/>\n<meta property=\"article:modified_time\" content=\"2023-07-05T16:27:43+00:00\" \/>\n<meta property=\"og:image\" content=\"https:\/\/i0.wp.com\/nuzjewelry.com\/wp-content\/uploads\/2023\/07\/1b.jpeg?fit=573%2C764&ssl=1\" \/>\n\t<meta property=\"og:image:width\" content=\"573\" \/>\n\t<meta property=\"og:image:height\" content=\"764\" \/>\n\t<meta property=\"og:image:type\" content=\"image\/jpeg\" \/>\n<meta name=\"twitter:card\" content=\"summary_large_image\" \/>\n<meta name=\"twitter:label1\" content=\"Est. reading time\" \/>\n\t<meta name=\"twitter:data1\" content=\"1 minute\" \/>\n<script type=\"application\/ld+json\" class=\"yoast-schema-graph\">{\"@context\":\"https:\/\/schema.org\",\"@graph\":[{\"@type\":\"WebPage\",\"@id\":\"https:\/\/nuzjewelry.com\/izdelek\/uhani-tacke\/\",\"url\":\"https:\/\/nuzjewelry.com\/izdelek\/uhani-tacke\/\",\"name\":\"Uhani ta\u010dke - NUZ Jewerly\",\"isPartOf\":{\"@id\":\"https:\/\/nuzjewelry.com\/#website\"},\"datePublished\":\"2023-07-05T16:25:45+00:00\",\"dateModified\":\"2023-07-05T16:27:43+00:00\",\"description\":\"To so uhani, ki nosijo prav poseben pomen - ponazarjajo ljubezen do na\u0161ih najljub\u0161ih \u017eivali. Ali bi radi imeli nekaj, kar vas spominja na va\u0161o \u017eival?\",\"breadcrumb\":{\"@id\":\"https:\/\/nuzjewelry.com\/izdelek\/uhani-tacke\/#breadcrumb\"},\"inLanguage\":\"en-US\",\"potentialAction\":[{\"@type\":\"ReadAction\",\"target\":[\"https:\/\/nuzjewelry.com\/izdelek\/uhani-tacke\/\"]}]},{\"@type\":\"BreadcrumbList\",\"@id\":\"https:\/\/nuzjewelry.com\/izdelek\/uhani-tacke\/#breadcrumb\",\"itemListElement\":[{\"@type\":\"ListItem\",\"position\":1,\"name\":\"Home\",\"item\":\"https:\/\/nuzjewelry.com\/\"},{\"@type\":\"ListItem\",\"position\":2,\"name\":\"Shop\",\"item\":\"https:\/\/nuzjewelry.com\/shop\/\"},{\"@type\":\"ListItem\",\"position\":3,\"name\":\"Uhani ta\u010dke\"}]},{\"@type\":\"WebSite\",\"@id\":\"https:\/\/nuzjewelry.com\/#website\",\"url\":\"https:\/\/nuzjewelry.com\/\",\"name\":\"NUZ Jewerly\",\"description\":\"Trgovina z zapestnicami in uhan\u010dki\",\"publisher\":{\"@id\":\"https:\/\/nuzjewelry.com\/#organization\"},\"potentialAction\":[{\"@type\":\"SearchAction\",\"target\":{\"@type\":\"EntryPoint\",\"urlTemplate\":\"https:\/\/nuzjewelry.com\/?s={search_term_string}\"},\"query-input\":\"required name=search_term_string\"}],\"inLanguage\":\"en-US\"},{\"@type\":\"Organization\",\"@id\":\"https:\/\/nuzjewelry.com\/#organization\",\"name\":\"NUZ Jewerly\",\"url\":\"https:\/\/nuzjewelry.com\/\",\"logo\":{\"@type\":\"ImageObject\",\"inLanguage\":\"en-US\",\"@id\":\"https:\/\/nuzjewelry.com\/#\/schema\/logo\/image\/\",\"url\":\"https:\/\/i0.wp.com\/nuzjewelry.com\/wp-content\/uploads\/2023\/07\/logoIOS.png?fit=500%2C500&ssl=1\",\"contentUrl\":\"https:\/\/i0.wp.com\/nuzjewelry.com\/wp-content\/uploads\/2023\/07\/logoIOS.png?fit=500%2C500&ssl=1\",\"width\":500,\"height\":500,\"caption\":\"NUZ Jewerly\"},\"image\":{\"@id\":\"https:\/\/nuzjewelry.com\/#\/schema\/logo\/image\/\"}}]}<\/script>\n<!-- \/ Yoast SEO plugin. -->","yoast_head_json":{"title":"Uhani ta\u010dke - NUZ Jewerly","description":"To so uhani, ki nosijo prav poseben pomen - ponazarjajo ljubezen do na\u0161ih najljub\u0161ih \u017eivali. Ali bi radi imeli nekaj, kar vas spominja na va\u0161o \u017eival?","robots":{"index":"index","follow":"follow","max-snippet":"max-snippet:-1","max-image-preview":"max-image-preview:large","max-video-preview":"max-video-preview:-1"},"canonical":"https:\/\/nuzjewelry.com\/en\/product\/uhani-tacke\/","og_locale":"en_US","og_type":"article","og_title":"Uhani ta\u010dke - NUZ Jewerly","og_description":"To so uhani, ki nosijo prav poseben pomen - ponazarjajo ljubezen do na\u0161ih najljub\u0161ih \u017eivali. Ali bi radi imeli nekaj, kar vas spominja na va\u0161o \u017eival?","og_url":"https:\/\/nuzjewelry.com\/en\/product\/uhani-tacke\/","og_site_name":"NUZ Jewerly","article_modified_time":"2023-07-05T16:27:43+00:00","og_image":[{"width":573,"height":764,"url":"https:\/\/i0.wp.com\/nuzjewelry.com\/wp-content\/uploads\/2023\/07\/1b.jpeg?fit=573%2C764&ssl=1","type":"image\/jpeg"}],"twitter_card":"summary_large_image","twitter_misc":{"Est. reading time":"1 minute"},"schema":{"@context":"https:\/\/schema.org","@graph":[{"@type":"WebPage","@id":"https:\/\/nuzjewelry.com\/izdelek\/uhani-tacke\/","url":"https:\/\/nuzjewelry.com\/izdelek\/uhani-tacke\/","name":"Uhani ta\u010dke - NUZ Jewerly","isPartOf":{"@id":"https:\/\/nuzjewelry.com\/#website"},"datePublished":"2023-07-05T16:25:45+00:00","dateModified":"2023-07-05T16:27:43+00:00","description":"To so uhani, ki nosijo prav poseben pomen - ponazarjajo ljubezen do na\u0161ih najljub\u0161ih \u017eivali. Ali bi radi imeli nekaj, kar vas spominja na va\u0161o \u017eival?","breadcrumb":{"@id":"https:\/\/nuzjewelry.com\/izdelek\/uhani-tacke\/#breadcrumb"},"inLanguage":"en-US","potentialAction":[{"@type":"ReadAction","target":["https:\/\/nuzjewelry.com\/izdelek\/uhani-tacke\/"]}]},{"@type":"BreadcrumbList","@id":"https:\/\/nuzjewelry.com\/izdelek\/uhani-tacke\/#breadcrumb","itemListElement":[{"@type":"ListItem","position":1,"name":"Home","item":"https:\/\/nuzjewelry.com\/"},{"@type":"ListItem","position":2,"name":"Shop","item":"https:\/\/nuzjewelry.com\/shop\/"},{"@type":"ListItem","position":3,"name":"Uhani ta\u010dke"}]},{"@type":"WebSite","@id":"https:\/\/nuzjewelry.com\/#website","url":"https:\/\/nuzjewelry.com\/","name":"NUZ Jewerly","description":"Trgovina z zapestnicami in uhan\u010dki","publisher":{"@id":"https:\/\/nuzjewelry.com\/#organization"},"potentialAction":[{"@type":"SearchAction","target":{"@type":"EntryPoint","urlTemplate":"https:\/\/nuzjewelry.com\/?s={search_term_string}"},"query-input":"required name=search_term_string"}],"inLanguage":"en-US"},{"@type":"Organization","@id":"https:\/\/nuzjewelry.com\/#organization","name":"NUZ Jewerly","url":"https:\/\/nuzjewelry.com\/","logo":{"@type":"ImageObject","inLanguage":"en-US","@id":"https:\/\/nuzjewelry.com\/#\/schema\/logo\/image\/","url":"https:\/\/i0.wp.com\/nuzjewelry.com\/wp-content\/uploads\/2023\/07\/logoIOS.png?fit=500%2C500&ssl=1","contentUrl":"https:\/\/i0.wp.com\/nuzjewelry.com\/wp-content\/uploads\/2023\/07\/logoIOS.png?fit=500%2C500&ssl=1","width":500,"height":500,"caption":"NUZ Jewerly"},"image":{"@id":"https:\/\/nuzjewelry.com\/#\/schema\/logo\/image\/"}}]}},"_links":{"self":[{"href":"https:\/\/nuzjewelry.com\/en\/wp-json\/wp\/v2\/product\/831","targetHints":{"allow":["GET"]}}],"collection":[{"href":"https:\/\/nuzjewelry.com\/en\/wp-json\/wp\/v2\/product"}],"about":[{"href":"https:\/\/nuzjewelry.com\/en\/wp-json\/wp\/v2\/types\/product"}],"replies":[{"embeddable":true,"href":"https:\/\/nuzjewelry.com\/en\/wp-json\/wp\/v2\/comments?post=831"}],"version-history":[{"count":2,"href":"https:\/\/nuzjewelry.com\/en\/wp-json\/wp\/v2\/product\/831\/revisions"}],"predecessor-version":[{"id":837,"href":"https:\/\/nuzjewelry.com\/en\/wp-json\/wp\/v2\/product\/831\/revisions\/837"}],"wp:featuredmedia":[{"embeddable":true,"href":"https:\/\/nuzjewelry.com\/en\/wp-json\/wp\/v2\/media\/832"}],"wp:attachment":[{"href":"https:\/\/nuzjewelry.com\/en\/wp-json\/wp\/v2\/media?parent=831"}],"wp:term":[{"taxonomy":"product_cat","embeddable":true,"href":"https:\/\/nuzjewelry.com\/en\/wp-json\/wp\/v2\/product_cat?post=831"},{"taxonomy":"product_tag","embeddable":true,"href":"https:\/\/nuzjewelry.com\/en\/wp-json\/wp\/v2\/product_tag?post=831"}],"curies":[{"name":"wp","href":"https:\/\/api.w.org\/{rel}","templated":true}]}}