{"id":838,"date":"2023-07-05T16:58:59","date_gmt":"2023-07-05T16:58:59","guid":{"rendered":"https:\/\/instoremanager.com\/nuzjewelry\/?post_type=product&#038;p=838"},"modified":"2023-07-18T21:56:08","modified_gmt":"2023-07-18T21:56:08","slug":"zvezdica-zapestnica","status":"publish","type":"product","link":"https:\/\/nuzjewelry.com\/en\/product\/zvezdica-zapestnica\/","title":{"rendered":"Uhani zvezdice"},"content":{"rendered":"<p>Na\u0161a posebna kolekcija uhanov, ki izgledajo kot zvezdice, bo o\u010darala va\u0161e \u010dute. Sijo\u010de in ble\u0161\u010de\u010de zvezde na va\u0161ih u\u0161esih bodo pritegnile poglede in dodale \u010dar va\u0161emu vsakdanjemu in posebnemu izgledu. Pri nas boste na\u0161li popoln dodatek, ki bo poudaril va\u0161o individualnost in vam omogo\u010dil, da zasijete kot prava zvezda!<\/p>","protected":false},"excerpt":{"rendered":"<p>Na\u0161a posebna kolekcija uhanov, ki izgledajo kot zvezdice, bo o\u010darala va\u0161e \u010dute. Sijo\u010de in ble\u0161\u010de\u010de zvezde na va\u0161ih u\u0161esih bodo pritegnile poglede in dodale \u010dar va\u0161emu vsakdanjemu in posebnemu izgledu.<\/p>","protected":false},"featured_media":839,"comment_status":"open","ping_status":"closed","template":"","meta":[],"product_cat":[15,38],"product_tag":[],"class_list":["post-838","product","type-product","status-publish","has-post-thumbnail","hentry","product_cat-nekategorizirano","product_cat-uhani"],"yoast_head":"<!-- This site is optimized with the Yoast SEO plugin v20.11 - https:\/\/yoast.com\/wordpress\/plugins\/seo\/ -->\n<title>Uhani zvezdice - NUZ Jewerly<\/title>\n<meta name=\"description\" content=\"Na\u0161a posebna kolekcija uhanev, ki izgledajo kot zvezdice, bo o\u010darala va\u0161e \u010dute.\" \/>\n<meta name=\"robots\" content=\"index, follow, max-snippet:-1, max-image-preview:large, max-video-preview:-1\" \/>\n<link rel=\"canonical\" href=\"https:\/\/nuzjewelry.com\/en\/product\/zvezdica-zapestnica\/\" \/>\n<meta property=\"og:locale\" content=\"en_US\" \/>\n<meta property=\"og:type\" content=\"article\" \/>\n<meta property=\"og:title\" content=\"Uhani zvezdice - NUZ Jewerly\" \/>\n<meta property=\"og:description\" content=\"Na\u0161a posebna kolekcija uhanev, ki izgledajo kot zvezdice, bo o\u010darala va\u0161e \u010dute.\" \/>\n<meta property=\"og:url\" content=\"https:\/\/nuzjewelry.com\/en\/product\/zvezdica-zapestnica\/\" \/>\n<meta property=\"og:site_name\" content=\"NUZ Jewerly\" \/>\n<meta property=\"article:modified_time\" content=\"2023-07-18T21:56:08+00:00\" \/>\n<meta property=\"og:image\" content=\"https:\/\/nuzjewelry.com\/wp-content\/uploads\/2023\/07\/1q.jpeg\" \/>\n\t<meta property=\"og:image:width\" content=\"573\" \/>\n\t<meta property=\"og:image:height\" content=\"764\" \/>\n\t<meta property=\"og:image:type\" content=\"image\/jpeg\" \/>\n<meta name=\"twitter:card\" content=\"summary_large_image\" \/>\n<meta name=\"twitter:label1\" content=\"Est. reading time\" \/>\n\t<meta name=\"twitter:data1\" content=\"1 minute\" \/>\n<script type=\"application\/ld+json\" class=\"yoast-schema-graph\">{\"@context\":\"https:\/\/schema.org\",\"@graph\":[{\"@type\":\"WebPage\",\"@id\":\"https:\/\/nuzjewelry.com\/izdelek\/zvezdica-zapestnica\/\",\"url\":\"https:\/\/nuzjewelry.com\/izdelek\/zvezdica-zapestnica\/\",\"name\":\"Uhani zvezdice - NUZ Jewerly\",\"isPartOf\":{\"@id\":\"https:\/\/nuzjewelry.com\/#website\"},\"datePublished\":\"2023-07-05T16:58:59+00:00\",\"dateModified\":\"2023-07-18T21:56:08+00:00\",\"description\":\"Na\u0161a posebna kolekcija uhanev, ki izgledajo kot zvezdice, bo o\u010darala va\u0161e \u010dute.\",\"breadcrumb\":{\"@id\":\"https:\/\/nuzjewelry.com\/izdelek\/zvezdica-zapestnica\/#breadcrumb\"},\"inLanguage\":\"en-US\",\"potentialAction\":[{\"@type\":\"ReadAction\",\"target\":[\"https:\/\/nuzjewelry.com\/izdelek\/zvezdica-zapestnica\/\"]}]},{\"@type\":\"BreadcrumbList\",\"@id\":\"https:\/\/nuzjewelry.com\/izdelek\/zvezdica-zapestnica\/#breadcrumb\",\"itemListElement\":[{\"@type\":\"ListItem\",\"position\":1,\"name\":\"Home\",\"item\":\"https:\/\/nuzjewelry.com\/\"},{\"@type\":\"ListItem\",\"position\":2,\"name\":\"Shop\",\"item\":\"https:\/\/nuzjewelry.com\/shop\/\"},{\"@type\":\"ListItem\",\"position\":3,\"name\":\"Uhani zvezdice\"}]},{\"@type\":\"WebSite\",\"@id\":\"https:\/\/nuzjewelry.com\/#website\",\"url\":\"https:\/\/nuzjewelry.com\/\",\"name\":\"NUZ Jewerly\",\"description\":\"Trgovina z zapestnicami in uhan\u010dki\",\"publisher\":{\"@id\":\"https:\/\/nuzjewelry.com\/#organization\"},\"potentialAction\":[{\"@type\":\"SearchAction\",\"target\":{\"@type\":\"EntryPoint\",\"urlTemplate\":\"https:\/\/nuzjewelry.com\/?s={search_term_string}\"},\"query-input\":\"required name=search_term_string\"}],\"inLanguage\":\"en-US\"},{\"@type\":\"Organization\",\"@id\":\"https:\/\/nuzjewelry.com\/#organization\",\"name\":\"NUZ Jewerly\",\"url\":\"https:\/\/nuzjewelry.com\/\",\"logo\":{\"@type\":\"ImageObject\",\"inLanguage\":\"en-US\",\"@id\":\"https:\/\/nuzjewelry.com\/#\/schema\/logo\/image\/\",\"url\":\"https:\/\/i0.wp.com\/nuzjewelry.com\/wp-content\/uploads\/2023\/07\/logoIOS.png?fit=500%2C500&ssl=1\",\"contentUrl\":\"https:\/\/i0.wp.com\/nuzjewelry.com\/wp-content\/uploads\/2023\/07\/logoIOS.png?fit=500%2C500&ssl=1\",\"width\":500,\"height\":500,\"caption\":\"NUZ Jewerly\"},\"image\":{\"@id\":\"https:\/\/nuzjewelry.com\/#\/schema\/logo\/image\/\"}}]}<\/script>\n<!-- \/ Yoast SEO plugin. -->","yoast_head_json":{"title":"Uhani zvezdice - NUZ Jewerly","description":"Na\u0161a posebna kolekcija uhanev, ki izgledajo kot zvezdice, bo o\u010darala va\u0161e \u010dute.","robots":{"index":"index","follow":"follow","max-snippet":"max-snippet:-1","max-image-preview":"max-image-preview:large","max-video-preview":"max-video-preview:-1"},"canonical":"https:\/\/nuzjewelry.com\/en\/product\/zvezdica-zapestnica\/","og_locale":"en_US","og_type":"article","og_title":"Uhani zvezdice - NUZ Jewerly","og_description":"Na\u0161a posebna kolekcija uhanev, ki izgledajo kot zvezdice, bo o\u010darala va\u0161e \u010dute.","og_url":"https:\/\/nuzjewelry.com\/en\/product\/zvezdica-zapestnica\/","og_site_name":"NUZ Jewerly","article_modified_time":"2023-07-18T21:56:08+00:00","og_image":[{"width":573,"height":764,"url":"https:\/\/nuzjewelry.com\/wp-content\/uploads\/2023\/07\/1q.jpeg","type":"image\/jpeg"}],"twitter_card":"summary_large_image","twitter_misc":{"Est. reading time":"1 minute"},"schema":{"@context":"https:\/\/schema.org","@graph":[{"@type":"WebPage","@id":"https:\/\/nuzjewelry.com\/izdelek\/zvezdica-zapestnica\/","url":"https:\/\/nuzjewelry.com\/izdelek\/zvezdica-zapestnica\/","name":"Uhani zvezdice - NUZ Jewerly","isPartOf":{"@id":"https:\/\/nuzjewelry.com\/#website"},"datePublished":"2023-07-05T16:58:59+00:00","dateModified":"2023-07-18T21:56:08+00:00","description":"Na\u0161a posebna kolekcija uhanev, ki izgledajo kot zvezdice, bo o\u010darala va\u0161e \u010dute.","breadcrumb":{"@id":"https:\/\/nuzjewelry.com\/izdelek\/zvezdica-zapestnica\/#breadcrumb"},"inLanguage":"en-US","potentialAction":[{"@type":"ReadAction","target":["https:\/\/nuzjewelry.com\/izdelek\/zvezdica-zapestnica\/"]}]},{"@type":"BreadcrumbList","@id":"https:\/\/nuzjewelry.com\/izdelek\/zvezdica-zapestnica\/#breadcrumb","itemListElement":[{"@type":"ListItem","position":1,"name":"Home","item":"https:\/\/nuzjewelry.com\/"},{"@type":"ListItem","position":2,"name":"Shop","item":"https:\/\/nuzjewelry.com\/shop\/"},{"@type":"ListItem","position":3,"name":"Uhani zvezdice"}]},{"@type":"WebSite","@id":"https:\/\/nuzjewelry.com\/#website","url":"https:\/\/nuzjewelry.com\/","name":"NUZ Jewerly","description":"Trgovina z zapestnicami in uhan\u010dki","publisher":{"@id":"https:\/\/nuzjewelry.com\/#organization"},"potentialAction":[{"@type":"SearchAction","target":{"@type":"EntryPoint","urlTemplate":"https:\/\/nuzjewelry.com\/?s={search_term_string}"},"query-input":"required name=search_term_string"}],"inLanguage":"en-US"},{"@type":"Organization","@id":"https:\/\/nuzjewelry.com\/#organization","name":"NUZ Jewerly","url":"https:\/\/nuzjewelry.com\/","logo":{"@type":"ImageObject","inLanguage":"en-US","@id":"https:\/\/nuzjewelry.com\/#\/schema\/logo\/image\/","url":"https:\/\/i0.wp.com\/nuzjewelry.com\/wp-content\/uploads\/2023\/07\/logoIOS.png?fit=500%2C500&ssl=1","contentUrl":"https:\/\/i0.wp.com\/nuzjewelry.com\/wp-content\/uploads\/2023\/07\/logoIOS.png?fit=500%2C500&ssl=1","width":500,"height":500,"caption":"NUZ Jewerly"},"image":{"@id":"https:\/\/nuzjewelry.com\/#\/schema\/logo\/image\/"}}]}},"_links":{"self":[{"href":"https:\/\/nuzjewelry.com\/en\/wp-json\/wp\/v2\/product\/838","targetHints":{"allow":["GET"]}}],"collection":[{"href":"https:\/\/nuzjewelry.com\/en\/wp-json\/wp\/v2\/product"}],"about":[{"href":"https:\/\/nuzjewelry.com\/en\/wp-json\/wp\/v2\/types\/product"}],"replies":[{"embeddable":true,"href":"https:\/\/nuzjewelry.com\/en\/wp-json\/wp\/v2\/comments?post=838"}],"version-history":[{"count":4,"href":"https:\/\/nuzjewelry.com\/en\/wp-json\/wp\/v2\/product\/838\/revisions"}],"predecessor-version":[{"id":1355,"href":"https:\/\/nuzjewelry.com\/en\/wp-json\/wp\/v2\/product\/838\/revisions\/1355"}],"wp:featuredmedia":[{"embeddable":true,"href":"https:\/\/nuzjewelry.com\/en\/wp-json\/wp\/v2\/media\/839"}],"wp:attachment":[{"href":"https:\/\/nuzjewelry.com\/en\/wp-json\/wp\/v2\/media?parent=838"}],"wp:term":[{"taxonomy":"product_cat","embeddable":true,"href":"https:\/\/nuzjewelry.com\/en\/wp-json\/wp\/v2\/product_cat?post=838"},{"taxonomy":"product_tag","embeddable":true,"href":"https:\/\/nuzjewelry.com\/en\/wp-json\/wp\/v2\/product_tag?post=838"}],"curies":[{"name":"wp","href":"https:\/\/api.w.org\/{rel}","templated":true}]}}