{"id":896,"date":"2023-07-07T14:06:53","date_gmt":"2023-07-07T14:06:53","guid":{"rendered":"https:\/\/instoremanager.com\/nuzjewelry\/?post_type=product&#038;p=896"},"modified":"2023-07-24T14:01:32","modified_gmt":"2023-07-24T14:01:32","slug":"uhani-metuljcki","status":"publish","type":"product","link":"https:\/\/nuzjewelry.com\/en\/product\/uhani-metuljcki\/","title":{"rendered":"Uhani metulj\u010dki"},"content":{"rendered":"<p>Pri nas boste na\u0161li razli\u010dne stile uhanih Metulj\u010dkov, ki se prilegajo razli\u010dnim prilo\u017enostim in okusom.\u00a0 Ne glede na to, ali i\u0161\u010dete uhane za sebe ali pa \u017eelite nekomu podariti unikatno darilo, bo na\u0161a stran izpolnila va\u0161a pri\u010dakovanja. Ponujamo \u0161iroko paleto izdelkov, med katerimi boste zagotovo na\u0161li tiste, ki bodo izrazili va\u0161o osebnost in stil. Pridru\u017eite se nam na na\u0161i spletni strani in odkrijte \u010darobni svet uhanih Metulj\u010dkov. Izrazite svojo edinstvenost, izstopajte iz mno\u017eice in pustite, da vas na\u0161 nakit popelje v svet elegance in lepote.<\/p>","protected":false},"excerpt":{"rendered":"<p>Pri nas boste na\u0161li razli\u010dne stile uhanih Metulj\u010dkov, ki se prilegajo razli\u010dnim prilo\u017enostim in okusom.\u00a0 Ne glede na to, ali i\u0161\u010dete uhane za sebe ali pa \u017eelite nekomu podariti unikatno<\/p>","protected":false},"featured_media":897,"comment_status":"open","ping_status":"closed","template":"","meta":[],"product_cat":[15,38],"product_tag":[],"class_list":["post-896","product","type-product","status-publish","has-post-thumbnail","hentry","product_cat-nekategorizirano","product_cat-uhani"],"yoast_head":"<!-- This site is optimized with the Yoast SEO plugin v20.11 - https:\/\/yoast.com\/wordpress\/plugins\/seo\/ -->\n<title>Uhani metulj\u010dki - NUZ Jewerly<\/title>\n<meta name=\"description\" content=\"Pri nas boste na\u0161li razli\u010dne stile uhanih Metulj\u010dkov, ki se prilegajo razli\u010dnim prilo\u017enostim in okusom.\u00a0\" \/>\n<meta name=\"robots\" content=\"index, follow, max-snippet:-1, max-image-preview:large, max-video-preview:-1\" \/>\n<link rel=\"canonical\" href=\"https:\/\/nuzjewelry.com\/en\/product\/uhani-metuljcki\/\" \/>\n<meta property=\"og:locale\" content=\"en_US\" \/>\n<meta property=\"og:type\" content=\"article\" \/>\n<meta property=\"og:title\" content=\"Uhani metulj\u010dki - NUZ Jewerly\" \/>\n<meta property=\"og:description\" content=\"Pri nas boste na\u0161li razli\u010dne stile uhanih Metulj\u010dkov, ki se prilegajo razli\u010dnim prilo\u017enostim in okusom.\u00a0\" \/>\n<meta property=\"og:url\" content=\"https:\/\/nuzjewelry.com\/en\/product\/uhani-metuljcki\/\" \/>\n<meta property=\"og:site_name\" content=\"NUZ Jewerly\" \/>\n<meta property=\"article:modified_time\" content=\"2023-07-24T14:01:32+00:00\" \/>\n<meta property=\"og:image\" content=\"https:\/\/nuzjewelry.com\/wp-content\/uploads\/2023\/07\/roz1.jpeg\" \/>\n\t<meta property=\"og:image:width\" content=\"561\" \/>\n\t<meta property=\"og:image:height\" content=\"748\" \/>\n\t<meta property=\"og:image:type\" content=\"image\/jpeg\" \/>\n<meta name=\"twitter:card\" content=\"summary_large_image\" \/>\n<meta name=\"twitter:label1\" content=\"Est. reading time\" \/>\n\t<meta name=\"twitter:data1\" content=\"1 minute\" \/>\n<script type=\"application\/ld+json\" class=\"yoast-schema-graph\">{\"@context\":\"https:\/\/schema.org\",\"@graph\":[{\"@type\":\"WebPage\",\"@id\":\"https:\/\/nuzjewelry.com\/izdelek\/uhani-metuljcki\/\",\"url\":\"https:\/\/nuzjewelry.com\/izdelek\/uhani-metuljcki\/\",\"name\":\"Uhani metulj\u010dki - NUZ Jewerly\",\"isPartOf\":{\"@id\":\"https:\/\/nuzjewelry.com\/#website\"},\"datePublished\":\"2023-07-07T14:06:53+00:00\",\"dateModified\":\"2023-07-24T14:01:32+00:00\",\"description\":\"Pri nas boste na\u0161li razli\u010dne stile uhanih Metulj\u010dkov, ki se prilegajo razli\u010dnim prilo\u017enostim in okusom.\u00a0\",\"breadcrumb\":{\"@id\":\"https:\/\/nuzjewelry.com\/izdelek\/uhani-metuljcki\/#breadcrumb\"},\"inLanguage\":\"en-US\",\"potentialAction\":[{\"@type\":\"ReadAction\",\"target\":[\"https:\/\/nuzjewelry.com\/izdelek\/uhani-metuljcki\/\"]}]},{\"@type\":\"BreadcrumbList\",\"@id\":\"https:\/\/nuzjewelry.com\/izdelek\/uhani-metuljcki\/#breadcrumb\",\"itemListElement\":[{\"@type\":\"ListItem\",\"position\":1,\"name\":\"Home\",\"item\":\"https:\/\/nuzjewelry.com\/\"},{\"@type\":\"ListItem\",\"position\":2,\"name\":\"Shop\",\"item\":\"https:\/\/nuzjewelry.com\/shop\/\"},{\"@type\":\"ListItem\",\"position\":3,\"name\":\"Uhani metulj\u010dki\"}]},{\"@type\":\"WebSite\",\"@id\":\"https:\/\/nuzjewelry.com\/#website\",\"url\":\"https:\/\/nuzjewelry.com\/\",\"name\":\"NUZ Jewerly\",\"description\":\"Trgovina z zapestnicami in uhan\u010dki\",\"publisher\":{\"@id\":\"https:\/\/nuzjewelry.com\/#organization\"},\"potentialAction\":[{\"@type\":\"SearchAction\",\"target\":{\"@type\":\"EntryPoint\",\"urlTemplate\":\"https:\/\/nuzjewelry.com\/?s={search_term_string}\"},\"query-input\":\"required name=search_term_string\"}],\"inLanguage\":\"en-US\"},{\"@type\":\"Organization\",\"@id\":\"https:\/\/nuzjewelry.com\/#organization\",\"name\":\"NUZ Jewerly\",\"url\":\"https:\/\/nuzjewelry.com\/\",\"logo\":{\"@type\":\"ImageObject\",\"inLanguage\":\"en-US\",\"@id\":\"https:\/\/nuzjewelry.com\/#\/schema\/logo\/image\/\",\"url\":\"https:\/\/i0.wp.com\/nuzjewelry.com\/wp-content\/uploads\/2023\/07\/logoIOS.png?fit=500%2C500&ssl=1\",\"contentUrl\":\"https:\/\/i0.wp.com\/nuzjewelry.com\/wp-content\/uploads\/2023\/07\/logoIOS.png?fit=500%2C500&ssl=1\",\"width\":500,\"height\":500,\"caption\":\"NUZ Jewerly\"},\"image\":{\"@id\":\"https:\/\/nuzjewelry.com\/#\/schema\/logo\/image\/\"}}]}<\/script>\n<!-- \/ Yoast SEO plugin. -->","yoast_head_json":{"title":"Uhani metulj\u010dki - NUZ Jewerly","description":"Pri nas boste na\u0161li razli\u010dne stile uhanih Metulj\u010dkov, ki se prilegajo razli\u010dnim prilo\u017enostim in okusom.\u00a0","robots":{"index":"index","follow":"follow","max-snippet":"max-snippet:-1","max-image-preview":"max-image-preview:large","max-video-preview":"max-video-preview:-1"},"canonical":"https:\/\/nuzjewelry.com\/en\/product\/uhani-metuljcki\/","og_locale":"en_US","og_type":"article","og_title":"Uhani metulj\u010dki - NUZ Jewerly","og_description":"Pri nas boste na\u0161li razli\u010dne stile uhanih Metulj\u010dkov, ki se prilegajo razli\u010dnim prilo\u017enostim in okusom.\u00a0","og_url":"https:\/\/nuzjewelry.com\/en\/product\/uhani-metuljcki\/","og_site_name":"NUZ Jewerly","article_modified_time":"2023-07-24T14:01:32+00:00","og_image":[{"width":561,"height":748,"url":"https:\/\/nuzjewelry.com\/wp-content\/uploads\/2023\/07\/roz1.jpeg","type":"image\/jpeg"}],"twitter_card":"summary_large_image","twitter_misc":{"Est. reading time":"1 minute"},"schema":{"@context":"https:\/\/schema.org","@graph":[{"@type":"WebPage","@id":"https:\/\/nuzjewelry.com\/izdelek\/uhani-metuljcki\/","url":"https:\/\/nuzjewelry.com\/izdelek\/uhani-metuljcki\/","name":"Uhani metulj\u010dki - NUZ Jewerly","isPartOf":{"@id":"https:\/\/nuzjewelry.com\/#website"},"datePublished":"2023-07-07T14:06:53+00:00","dateModified":"2023-07-24T14:01:32+00:00","description":"Pri nas boste na\u0161li razli\u010dne stile uhanih Metulj\u010dkov, ki se prilegajo razli\u010dnim prilo\u017enostim in okusom.\u00a0","breadcrumb":{"@id":"https:\/\/nuzjewelry.com\/izdelek\/uhani-metuljcki\/#breadcrumb"},"inLanguage":"en-US","potentialAction":[{"@type":"ReadAction","target":["https:\/\/nuzjewelry.com\/izdelek\/uhani-metuljcki\/"]}]},{"@type":"BreadcrumbList","@id":"https:\/\/nuzjewelry.com\/izdelek\/uhani-metuljcki\/#breadcrumb","itemListElement":[{"@type":"ListItem","position":1,"name":"Home","item":"https:\/\/nuzjewelry.com\/"},{"@type":"ListItem","position":2,"name":"Shop","item":"https:\/\/nuzjewelry.com\/shop\/"},{"@type":"ListItem","position":3,"name":"Uhani metulj\u010dki"}]},{"@type":"WebSite","@id":"https:\/\/nuzjewelry.com\/#website","url":"https:\/\/nuzjewelry.com\/","name":"NUZ Jewerly","description":"Trgovina z zapestnicami in uhan\u010dki","publisher":{"@id":"https:\/\/nuzjewelry.com\/#organization"},"potentialAction":[{"@type":"SearchAction","target":{"@type":"EntryPoint","urlTemplate":"https:\/\/nuzjewelry.com\/?s={search_term_string}"},"query-input":"required name=search_term_string"}],"inLanguage":"en-US"},{"@type":"Organization","@id":"https:\/\/nuzjewelry.com\/#organization","name":"NUZ Jewerly","url":"https:\/\/nuzjewelry.com\/","logo":{"@type":"ImageObject","inLanguage":"en-US","@id":"https:\/\/nuzjewelry.com\/#\/schema\/logo\/image\/","url":"https:\/\/i0.wp.com\/nuzjewelry.com\/wp-content\/uploads\/2023\/07\/logoIOS.png?fit=500%2C500&ssl=1","contentUrl":"https:\/\/i0.wp.com\/nuzjewelry.com\/wp-content\/uploads\/2023\/07\/logoIOS.png?fit=500%2C500&ssl=1","width":500,"height":500,"caption":"NUZ Jewerly"},"image":{"@id":"https:\/\/nuzjewelry.com\/#\/schema\/logo\/image\/"}}]}},"_links":{"self":[{"href":"https:\/\/nuzjewelry.com\/en\/wp-json\/wp\/v2\/product\/896","targetHints":{"allow":["GET"]}}],"collection":[{"href":"https:\/\/nuzjewelry.com\/en\/wp-json\/wp\/v2\/product"}],"about":[{"href":"https:\/\/nuzjewelry.com\/en\/wp-json\/wp\/v2\/types\/product"}],"replies":[{"embeddable":true,"href":"https:\/\/nuzjewelry.com\/en\/wp-json\/wp\/v2\/comments?post=896"}],"version-history":[{"count":3,"href":"https:\/\/nuzjewelry.com\/en\/wp-json\/wp\/v2\/product\/896\/revisions"}],"predecessor-version":[{"id":1360,"href":"https:\/\/nuzjewelry.com\/en\/wp-json\/wp\/v2\/product\/896\/revisions\/1360"}],"wp:featuredmedia":[{"embeddable":true,"href":"https:\/\/nuzjewelry.com\/en\/wp-json\/wp\/v2\/media\/897"}],"wp:attachment":[{"href":"https:\/\/nuzjewelry.com\/en\/wp-json\/wp\/v2\/media?parent=896"}],"wp:term":[{"taxonomy":"product_cat","embeddable":true,"href":"https:\/\/nuzjewelry.com\/en\/wp-json\/wp\/v2\/product_cat?post=896"},{"taxonomy":"product_tag","embeddable":true,"href":"https:\/\/nuzjewelry.com\/en\/wp-json\/wp\/v2\/product_tag?post=896"}],"curies":[{"name":"wp","href":"https:\/\/api.w.org\/{rel}","templated":true}]}}