{"id":959,"date":"2023-07-07T14:35:48","date_gmt":"2023-07-07T14:35:48","guid":{"rendered":"https:\/\/instoremanager.com\/nuzjewelry\/?post_type=product&#038;p=959"},"modified":"2023-07-08T12:38:43","modified_gmt":"2023-07-08T12:38:43","slug":"love-zapestnica-vijolicna-2","status":"publish","type":"product","link":"https:\/\/nuzjewelry.com\/en\/product\/love-zapestnica-vijolicna-2\/","title":{"rendered":"Love zapestnica (vijoli\u010dna)"},"content":{"rendered":"<p>Love zapestnice, ki jih najdete pri nas, so posebni in simboli\u010dni nakit, ki poudarja va\u0161o povezanost z ljubljeno osebo ali pa predstavlja mo\u010dno sporo\u010dilo ljubezni, ki ga nosite vedno s seboj. Pri nas boste na\u0161li razli\u010dne sloge love zapestnic, ki se prilegajo razli\u010dnim okusom in prilo\u017enostim. Naj vam ta poseben nakit pomaga izraziti va\u0161o ljubezen in ustvari nepozabne trenutke. Izstopajte iz mno\u017eice in pustite, da vas na\u0161a kolekcija love zapestnic spremlja na va\u0161em vsakodnevnem ljubezenskem popotovanju.<\/p>","protected":false},"excerpt":{"rendered":"<p>Love zapestnice, ki jih najdete pri nas, so posebni in simboli\u010dni nakit, ki poudarja va\u0161o povezanost z ljubljeno osebo ali pa predstavlja mo\u010dno sporo\u010dilo ljubezni, ki ga nosite vedno s<\/p>","protected":false},"featured_media":960,"comment_status":"open","ping_status":"closed","template":"","meta":[],"product_cat":[15,34],"product_tag":[],"class_list":["post-959","product","type-product","status-publish","has-post-thumbnail","hentry","product_cat-nekategorizirano","product_cat-zapestnice"],"yoast_head":"<!-- This site is optimized with the Yoast SEO plugin v20.11 - https:\/\/yoast.com\/wordpress\/plugins\/seo\/ -->\n<title>Love zapestnica (vijoli\u010dna) - NUZ Jewerly<\/title>\n<meta name=\"description\" content=\"Love zapestnice, so posebni in simboli\u010dni nakit, ki poudarja va\u0161o povezanost z ljubljeno osebo ali pa predstavlja mo\u010dno sporo\u010dilo ljubezni.\" \/>\n<meta name=\"robots\" content=\"index, follow, max-snippet:-1, max-image-preview:large, max-video-preview:-1\" \/>\n<link rel=\"canonical\" href=\"https:\/\/nuzjewelry.com\/en\/product\/love-zapestnica-vijolicna-2\/\" \/>\n<meta property=\"og:locale\" content=\"en_US\" \/>\n<meta property=\"og:type\" content=\"article\" \/>\n<meta property=\"og:title\" content=\"Love zapestnica (vijoli\u010dna) - NUZ Jewerly\" \/>\n<meta property=\"og:description\" content=\"Love zapestnice, so posebni in simboli\u010dni nakit, ki poudarja va\u0161o povezanost z ljubljeno osebo ali pa predstavlja mo\u010dno sporo\u010dilo ljubezni.\" \/>\n<meta property=\"og:url\" content=\"https:\/\/nuzjewelry.com\/en\/product\/love-zapestnica-vijolicna-2\/\" \/>\n<meta property=\"og:site_name\" content=\"NUZ Jewerly\" \/>\n<meta property=\"article:modified_time\" content=\"2023-07-08T12:38:43+00:00\" \/>\n<meta property=\"og:image\" content=\"https:\/\/i0.wp.com\/nuzjewelry.com\/wp-content\/uploads\/2023\/07\/ro1.jpeg?fit=530%2C707&ssl=1\" \/>\n\t<meta property=\"og:image:width\" content=\"530\" \/>\n\t<meta property=\"og:image:height\" content=\"707\" \/>\n\t<meta property=\"og:image:type\" content=\"image\/jpeg\" \/>\n<meta name=\"twitter:card\" content=\"summary_large_image\" \/>\n<meta name=\"twitter:label1\" content=\"Est. reading time\" \/>\n\t<meta name=\"twitter:data1\" content=\"1 minute\" \/>\n<script type=\"application\/ld+json\" class=\"yoast-schema-graph\">{\"@context\":\"https:\/\/schema.org\",\"@graph\":[{\"@type\":\"WebPage\",\"@id\":\"https:\/\/nuzjewelry.com\/izdelek\/love-zapestnica-vijolicna-2\/\",\"url\":\"https:\/\/nuzjewelry.com\/izdelek\/love-zapestnica-vijolicna-2\/\",\"name\":\"Love zapestnica (vijoli\u010dna) - NUZ Jewerly\",\"isPartOf\":{\"@id\":\"https:\/\/nuzjewelry.com\/#website\"},\"datePublished\":\"2023-07-07T14:35:48+00:00\",\"dateModified\":\"2023-07-08T12:38:43+00:00\",\"description\":\"Love zapestnice, so posebni in simboli\u010dni nakit, ki poudarja va\u0161o povezanost z ljubljeno osebo ali pa predstavlja mo\u010dno sporo\u010dilo ljubezni.\",\"breadcrumb\":{\"@id\":\"https:\/\/nuzjewelry.com\/izdelek\/love-zapestnica-vijolicna-2\/#breadcrumb\"},\"inLanguage\":\"en-US\",\"potentialAction\":[{\"@type\":\"ReadAction\",\"target\":[\"https:\/\/nuzjewelry.com\/izdelek\/love-zapestnica-vijolicna-2\/\"]}]},{\"@type\":\"BreadcrumbList\",\"@id\":\"https:\/\/nuzjewelry.com\/izdelek\/love-zapestnica-vijolicna-2\/#breadcrumb\",\"itemListElement\":[{\"@type\":\"ListItem\",\"position\":1,\"name\":\"Home\",\"item\":\"https:\/\/nuzjewelry.com\/\"},{\"@type\":\"ListItem\",\"position\":2,\"name\":\"Shop\",\"item\":\"https:\/\/nuzjewelry.com\/shop\/\"},{\"@type\":\"ListItem\",\"position\":3,\"name\":\"Love zapestnica (vijoli\u010dna)\"}]},{\"@type\":\"WebSite\",\"@id\":\"https:\/\/nuzjewelry.com\/#website\",\"url\":\"https:\/\/nuzjewelry.com\/\",\"name\":\"NUZ Jewerly\",\"description\":\"Trgovina z zapestnicami in uhan\u010dki\",\"publisher\":{\"@id\":\"https:\/\/nuzjewelry.com\/#organization\"},\"potentialAction\":[{\"@type\":\"SearchAction\",\"target\":{\"@type\":\"EntryPoint\",\"urlTemplate\":\"https:\/\/nuzjewelry.com\/?s={search_term_string}\"},\"query-input\":\"required name=search_term_string\"}],\"inLanguage\":\"en-US\"},{\"@type\":\"Organization\",\"@id\":\"https:\/\/nuzjewelry.com\/#organization\",\"name\":\"NUZ Jewerly\",\"url\":\"https:\/\/nuzjewelry.com\/\",\"logo\":{\"@type\":\"ImageObject\",\"inLanguage\":\"en-US\",\"@id\":\"https:\/\/nuzjewelry.com\/#\/schema\/logo\/image\/\",\"url\":\"https:\/\/i0.wp.com\/nuzjewelry.com\/wp-content\/uploads\/2023\/07\/logoIOS.png?fit=500%2C500&ssl=1\",\"contentUrl\":\"https:\/\/i0.wp.com\/nuzjewelry.com\/wp-content\/uploads\/2023\/07\/logoIOS.png?fit=500%2C500&ssl=1\",\"width\":500,\"height\":500,\"caption\":\"NUZ Jewerly\"},\"image\":{\"@id\":\"https:\/\/nuzjewelry.com\/#\/schema\/logo\/image\/\"}}]}<\/script>\n<!-- \/ Yoast SEO plugin. -->","yoast_head_json":{"title":"Love zapestnica (vijoli\u010dna) - NUZ Jewerly","description":"Love zapestnice, so posebni in simboli\u010dni nakit, ki poudarja va\u0161o povezanost z ljubljeno osebo ali pa predstavlja mo\u010dno sporo\u010dilo ljubezni.","robots":{"index":"index","follow":"follow","max-snippet":"max-snippet:-1","max-image-preview":"max-image-preview:large","max-video-preview":"max-video-preview:-1"},"canonical":"https:\/\/nuzjewelry.com\/en\/product\/love-zapestnica-vijolicna-2\/","og_locale":"en_US","og_type":"article","og_title":"Love zapestnica (vijoli\u010dna) - NUZ Jewerly","og_description":"Love zapestnice, so posebni in simboli\u010dni nakit, ki poudarja va\u0161o povezanost z ljubljeno osebo ali pa predstavlja mo\u010dno sporo\u010dilo ljubezni.","og_url":"https:\/\/nuzjewelry.com\/en\/product\/love-zapestnica-vijolicna-2\/","og_site_name":"NUZ Jewerly","article_modified_time":"2023-07-08T12:38:43+00:00","og_image":[{"width":530,"height":707,"url":"https:\/\/i0.wp.com\/nuzjewelry.com\/wp-content\/uploads\/2023\/07\/ro1.jpeg?fit=530%2C707&ssl=1","type":"image\/jpeg"}],"twitter_card":"summary_large_image","twitter_misc":{"Est. reading time":"1 minute"},"schema":{"@context":"https:\/\/schema.org","@graph":[{"@type":"WebPage","@id":"https:\/\/nuzjewelry.com\/izdelek\/love-zapestnica-vijolicna-2\/","url":"https:\/\/nuzjewelry.com\/izdelek\/love-zapestnica-vijolicna-2\/","name":"Love zapestnica (vijoli\u010dna) - NUZ Jewerly","isPartOf":{"@id":"https:\/\/nuzjewelry.com\/#website"},"datePublished":"2023-07-07T14:35:48+00:00","dateModified":"2023-07-08T12:38:43+00:00","description":"Love zapestnice, so posebni in simboli\u010dni nakit, ki poudarja va\u0161o povezanost z ljubljeno osebo ali pa predstavlja mo\u010dno sporo\u010dilo ljubezni.","breadcrumb":{"@id":"https:\/\/nuzjewelry.com\/izdelek\/love-zapestnica-vijolicna-2\/#breadcrumb"},"inLanguage":"en-US","potentialAction":[{"@type":"ReadAction","target":["https:\/\/nuzjewelry.com\/izdelek\/love-zapestnica-vijolicna-2\/"]}]},{"@type":"BreadcrumbList","@id":"https:\/\/nuzjewelry.com\/izdelek\/love-zapestnica-vijolicna-2\/#breadcrumb","itemListElement":[{"@type":"ListItem","position":1,"name":"Home","item":"https:\/\/nuzjewelry.com\/"},{"@type":"ListItem","position":2,"name":"Shop","item":"https:\/\/nuzjewelry.com\/shop\/"},{"@type":"ListItem","position":3,"name":"Love zapestnica (vijoli\u010dna)"}]},{"@type":"WebSite","@id":"https:\/\/nuzjewelry.com\/#website","url":"https:\/\/nuzjewelry.com\/","name":"NUZ Jewerly","description":"Trgovina z zapestnicami in uhan\u010dki","publisher":{"@id":"https:\/\/nuzjewelry.com\/#organization"},"potentialAction":[{"@type":"SearchAction","target":{"@type":"EntryPoint","urlTemplate":"https:\/\/nuzjewelry.com\/?s={search_term_string}"},"query-input":"required name=search_term_string"}],"inLanguage":"en-US"},{"@type":"Organization","@id":"https:\/\/nuzjewelry.com\/#organization","name":"NUZ Jewerly","url":"https:\/\/nuzjewelry.com\/","logo":{"@type":"ImageObject","inLanguage":"en-US","@id":"https:\/\/nuzjewelry.com\/#\/schema\/logo\/image\/","url":"https:\/\/i0.wp.com\/nuzjewelry.com\/wp-content\/uploads\/2023\/07\/logoIOS.png?fit=500%2C500&ssl=1","contentUrl":"https:\/\/i0.wp.com\/nuzjewelry.com\/wp-content\/uploads\/2023\/07\/logoIOS.png?fit=500%2C500&ssl=1","width":500,"height":500,"caption":"NUZ Jewerly"},"image":{"@id":"https:\/\/nuzjewelry.com\/#\/schema\/logo\/image\/"}}]}},"_links":{"self":[{"href":"https:\/\/nuzjewelry.com\/en\/wp-json\/wp\/v2\/product\/959","targetHints":{"allow":["GET"]}}],"collection":[{"href":"https:\/\/nuzjewelry.com\/en\/wp-json\/wp\/v2\/product"}],"about":[{"href":"https:\/\/nuzjewelry.com\/en\/wp-json\/wp\/v2\/types\/product"}],"replies":[{"embeddable":true,"href":"https:\/\/nuzjewelry.com\/en\/wp-json\/wp\/v2\/comments?post=959"}],"version-history":[{"count":1,"href":"https:\/\/nuzjewelry.com\/en\/wp-json\/wp\/v2\/product\/959\/revisions"}],"predecessor-version":[{"id":963,"href":"https:\/\/nuzjewelry.com\/en\/wp-json\/wp\/v2\/product\/959\/revisions\/963"}],"wp:featuredmedia":[{"embeddable":true,"href":"https:\/\/nuzjewelry.com\/en\/wp-json\/wp\/v2\/media\/960"}],"wp:attachment":[{"href":"https:\/\/nuzjewelry.com\/en\/wp-json\/wp\/v2\/media?parent=959"}],"wp:term":[{"taxonomy":"product_cat","embeddable":true,"href":"https:\/\/nuzjewelry.com\/en\/wp-json\/wp\/v2\/product_cat?post=959"},{"taxonomy":"product_tag","embeddable":true,"href":"https:\/\/nuzjewelry.com\/en\/wp-json\/wp\/v2\/product_tag?post=959"}],"curies":[{"name":"wp","href":"https:\/\/api.w.org\/{rel}","templated":true}]}}